{"id":3099,"date":"2022-09-27T06:59:36","date_gmt":"2022-09-27T06:59:36","guid":{"rendered":"https:\/\/elevage-boisblancval.com\/boutique\/?post_type=product&#038;p=3099"},"modified":"2025-10-01T09:47:25","modified_gmt":"2025-10-01T09:47:25","slug":"kong-chien-squeezz-dental","status":"publish","type":"product","link":"https:\/\/elevage-boisblancval.com\/boutique\/product\/kong-chien-squeezz-dental\/","title":{"rendered":"Kong Chien Squeezz Dental"},"content":{"rendered":"<p>es Kong Chien Squeezz Dental\u00a0satisfont le besoin de mastication instinctif des chiens, tandis que les petits picots textur\u00e9s r\u00e9compensent le comportement canin appropri\u00e9 lors du nettoyage des dents. L\u2019ajout de friandises et le mat\u00e9riau souple du jouet utilis\u00e9 attirent votre chien davantage et prolongent la dur\u00e9e de jeu. La mani\u00e8re dont le jouet se tord pendant que le chien le m\u00e2che permet un nettoyage plus en profondeur. M\u00e2cher le Kong Chien Squeezz Dental\u00a0est un moyen amusant de pr\u00e9venir les probl\u00e8mes cliniques de dents et de gencives.<\/p>\n<p>L\u2019importance de la mastication pour le chien. La mastication est utile dans de nombreuses situations, comme par exemple :<\/p>\n<p>\u2013 La r\u00e9duction du mordillement chez le chiot.<br \/>\n\u2013 La diminution ou r\u00e9solution des probl\u00e8mes de destruction<br \/>\n\u2013 La d\u00e9tente du chien.<br \/>\n\u2013 Les occupations.La mastication permet au chien de se d\u00e9tendre et de trouver une occupation qui le fatiguera.<\/p>\n<p>Jouer r\u00e9guli\u00e8rement avec son chien est donc bon pour son moral, tout en permettant de d\u00e9velopper son intelligence et son ob\u00e9issance.<\/p>\n","protected":false},"excerpt":{"rendered":"<h2 class=\"soustitre\">Une texture unique qui r\u00e9compense la mastication appropri\u00e9e. La souplesse du mat\u00e9riau ajoute \u00e0 l\u2019attrait. Ajouter des friandises ou des croquettes pour prolonger la dur\u00e9e de jeu.<\/h2>\n","protected":false},"featured_media":3100,"comment_status":"open","ping_status":"closed","template":"","meta":{"_acf_changed":false},"product_cat":[71],"product_tag":[],"acf":[],"yoast_head":"<!-- This site is optimized with the Yoast SEO plugin v21.3 - https:\/\/yoast.com\/wordpress\/plugins\/seo\/ -->\n<title>Kong Chien Squeezz Dental - Boutique Elevage Bois Blanc Val<\/title>\n<meta name=\"robots\" content=\"index, follow, max-snippet:-1, max-image-preview:large, max-video-preview:-1\" \/>\n<link rel=\"canonical\" href=\"https:\/\/elevage-boisblancval.com\/boutique\/product\/kong-chien-squeezz-dental\/\" \/>\n<meta property=\"og:locale\" content=\"fr_FR\" \/>\n<meta property=\"og:type\" content=\"article\" \/>\n<meta property=\"og:title\" content=\"Kong Chien Squeezz Dental - Boutique Elevage Bois Blanc Val\" \/>\n<meta property=\"og:description\" content=\"Une texture unique qui r\u00e9compense la mastication appropri\u00e9e. La souplesse du mat\u00e9riau ajoute \u00e0 l\u2019attrait. Ajouter des friandises ou des croquettes pour prolonger la dur\u00e9e de jeu.\" \/>\n<meta property=\"og:url\" content=\"https:\/\/elevage-boisblancval.com\/boutique\/product\/kong-chien-squeezz-dental\/\" \/>\n<meta property=\"og:site_name\" content=\"Boutique Elevage Bois Blanc Val\" \/>\n<meta property=\"article:modified_time\" content=\"2025-10-01T09:47:25+00:00\" \/>\n<meta property=\"og:image\" content=\"https:\/\/elevage-boisblancval.com\/boutique\/wp-content\/uploads\/2022\/09\/Kong-squeez-dental-jouet-pour-chien-mastication-et-hygiene-dentaire.jpg\" \/>\n\t<meta property=\"og:image:width\" content=\"1200\" \/>\n\t<meta property=\"og:image:height\" content=\"1200\" \/>\n\t<meta property=\"og:image:type\" content=\"image\/jpeg\" \/>\n<meta name=\"twitter:card\" content=\"summary_large_image\" \/>\n<meta name=\"twitter:label1\" content=\"Dur\u00e9e de lecture estim\u00e9e\" \/>\n\t<meta name=\"twitter:data1\" content=\"1 minute\" \/>\n<script type=\"application\/ld+json\" class=\"yoast-schema-graph\">{\"@context\":\"https:\/\/schema.org\",\"@graph\":[{\"@type\":\"WebPage\",\"@id\":\"https:\/\/elevage-boisblancval.com\/boutique\/product\/kong-chien-squeezz-dental\/\",\"url\":\"https:\/\/elevage-boisblancval.com\/boutique\/product\/kong-chien-squeezz-dental\/\",\"name\":\"Kong Chien Squeezz Dental - Boutique Elevage Bois Blanc Val\",\"isPartOf\":{\"@id\":\"https:\/\/elevage-boisblancval.com\/boutique\/#website\"},\"datePublished\":\"2022-09-27T06:59:36+00:00\",\"dateModified\":\"2025-10-01T09:47:25+00:00\",\"breadcrumb\":{\"@id\":\"https:\/\/elevage-boisblancval.com\/boutique\/product\/kong-chien-squeezz-dental\/#breadcrumb\"},\"inLanguage\":\"fr-FR\",\"potentialAction\":[{\"@type\":\"ReadAction\",\"target\":[\"https:\/\/elevage-boisblancval.com\/boutique\/product\/kong-chien-squeezz-dental\/\"]}]},{\"@type\":\"BreadcrumbList\",\"@id\":\"https:\/\/elevage-boisblancval.com\/boutique\/product\/kong-chien-squeezz-dental\/#breadcrumb\",\"itemListElement\":[{\"@type\":\"ListItem\",\"position\":1,\"name\":\"Accueil\",\"item\":\"https:\/\/elevage-boisblancval.com\/boutique\/\"},{\"@type\":\"ListItem\",\"position\":2,\"name\":\"Boutique\",\"item\":\"https:\/\/elevage-boisblancval.com\/boutique\/shop\/\"},{\"@type\":\"ListItem\",\"position\":3,\"name\":\"Kong Chien Squeezz Dental\"}]},{\"@type\":\"WebSite\",\"@id\":\"https:\/\/elevage-boisblancval.com\/boutique\/#website\",\"url\":\"https:\/\/elevage-boisblancval.com\/boutique\/\",\"name\":\"Boutique Elevage Bois Blanc Val\",\"description\":\"\",\"potentialAction\":[{\"@type\":\"SearchAction\",\"target\":{\"@type\":\"EntryPoint\",\"urlTemplate\":\"https:\/\/elevage-boisblancval.com\/boutique\/?s={search_term_string}\"},\"query-input\":\"required name=search_term_string\"}],\"inLanguage\":\"fr-FR\"}]}<\/script>\n<!-- \/ Yoast SEO plugin. -->","yoast_head_json":{"title":"Kong Chien Squeezz Dental - Boutique Elevage Bois Blanc Val","robots":{"index":"index","follow":"follow","max-snippet":"max-snippet:-1","max-image-preview":"max-image-preview:large","max-video-preview":"max-video-preview:-1"},"canonical":"https:\/\/elevage-boisblancval.com\/boutique\/product\/kong-chien-squeezz-dental\/","og_locale":"fr_FR","og_type":"article","og_title":"Kong Chien Squeezz Dental - Boutique Elevage Bois Blanc Val","og_description":"Une texture unique qui r\u00e9compense la mastication appropri\u00e9e. La souplesse du mat\u00e9riau ajoute \u00e0 l\u2019attrait. Ajouter des friandises ou des croquettes pour prolonger la dur\u00e9e de jeu.","og_url":"https:\/\/elevage-boisblancval.com\/boutique\/product\/kong-chien-squeezz-dental\/","og_site_name":"Boutique Elevage Bois Blanc Val","article_modified_time":"2025-10-01T09:47:25+00:00","og_image":[{"width":1200,"height":1200,"url":"https:\/\/elevage-boisblancval.com\/boutique\/wp-content\/uploads\/2022\/09\/Kong-squeez-dental-jouet-pour-chien-mastication-et-hygiene-dentaire.jpg","type":"image\/jpeg"}],"twitter_card":"summary_large_image","twitter_misc":{"Dur\u00e9e de lecture estim\u00e9e":"1 minute"},"schema":{"@context":"https:\/\/schema.org","@graph":[{"@type":"WebPage","@id":"https:\/\/elevage-boisblancval.com\/boutique\/product\/kong-chien-squeezz-dental\/","url":"https:\/\/elevage-boisblancval.com\/boutique\/product\/kong-chien-squeezz-dental\/","name":"Kong Chien Squeezz Dental - Boutique Elevage Bois Blanc Val","isPartOf":{"@id":"https:\/\/elevage-boisblancval.com\/boutique\/#website"},"datePublished":"2022-09-27T06:59:36+00:00","dateModified":"2025-10-01T09:47:25+00:00","breadcrumb":{"@id":"https:\/\/elevage-boisblancval.com\/boutique\/product\/kong-chien-squeezz-dental\/#breadcrumb"},"inLanguage":"fr-FR","potentialAction":[{"@type":"ReadAction","target":["https:\/\/elevage-boisblancval.com\/boutique\/product\/kong-chien-squeezz-dental\/"]}]},{"@type":"BreadcrumbList","@id":"https:\/\/elevage-boisblancval.com\/boutique\/product\/kong-chien-squeezz-dental\/#breadcrumb","itemListElement":[{"@type":"ListItem","position":1,"name":"Accueil","item":"https:\/\/elevage-boisblancval.com\/boutique\/"},{"@type":"ListItem","position":2,"name":"Boutique","item":"https:\/\/elevage-boisblancval.com\/boutique\/shop\/"},{"@type":"ListItem","position":3,"name":"Kong Chien Squeezz Dental"}]},{"@type":"WebSite","@id":"https:\/\/elevage-boisblancval.com\/boutique\/#website","url":"https:\/\/elevage-boisblancval.com\/boutique\/","name":"Boutique Elevage Bois Blanc Val","description":"","potentialAction":[{"@type":"SearchAction","target":{"@type":"EntryPoint","urlTemplate":"https:\/\/elevage-boisblancval.com\/boutique\/?s={search_term_string}"},"query-input":"required name=search_term_string"}],"inLanguage":"fr-FR"}]}},"_links":{"self":[{"href":"https:\/\/elevage-boisblancval.com\/boutique\/wp-json\/wp\/v2\/product\/3099"}],"collection":[{"href":"https:\/\/elevage-boisblancval.com\/boutique\/wp-json\/wp\/v2\/product"}],"about":[{"href":"https:\/\/elevage-boisblancval.com\/boutique\/wp-json\/wp\/v2\/types\/product"}],"replies":[{"embeddable":true,"href":"https:\/\/elevage-boisblancval.com\/boutique\/wp-json\/wp\/v2\/comments?post=3099"}],"wp:featuredmedia":[{"embeddable":true,"href":"https:\/\/elevage-boisblancval.com\/boutique\/wp-json\/wp\/v2\/media\/3100"}],"wp:attachment":[{"href":"https:\/\/elevage-boisblancval.com\/boutique\/wp-json\/wp\/v2\/media?parent=3099"}],"wp:term":[{"taxonomy":"product_cat","embeddable":true,"href":"https:\/\/elevage-boisblancval.com\/boutique\/wp-json\/wp\/v2\/product_cat?post=3099"},{"taxonomy":"product_tag","embeddable":true,"href":"https:\/\/elevage-boisblancval.com\/boutique\/wp-json\/wp\/v2\/product_tag?post=3099"}],"curies":[{"name":"wp","href":"https:\/\/api.w.org\/{rel}","templated":true}]}}