{"id":3024,"date":"2022-08-16T08:34:15","date_gmt":"2022-08-16T08:34:15","guid":{"rendered":"https:\/\/elevage-boisblancval.com\/boutique\/?post_type=product&#038;p=3024"},"modified":"2025-10-01T09:52:23","modified_gmt":"2025-10-01T09:52:23","slug":"pro-team-sensible-17-kg","status":"publish","type":"product","link":"https:\/\/elevage-boisblancval.com\/boutique\/product\/pro-team-sensible-17-kg\/","title":{"rendered":"PRO TEAM SENSIBLE. 17 KG"},"content":{"rendered":"<div id=\"wd-5dd68e0ea8b40\" class=\"title-wrapper woodmart-title-color-default woodmart-title-style-default woodmart-title-width-100 text-left woodmart-title-size-small vc_custom_1574342163352\">\n<div class=\"liner-continer\">\n<h4 class=\"woodmart-title-container title woodmart-font-weight-\"><strong>Composition<\/strong><\/h4>\n<\/div>\n<\/div>\n<div class=\"wpb_text_column wpb_content_element\">\n<div class=\"wpb_wrapper\">\n<div class=\"page\" title=\"Page 1\">\n<div class=\"section\">\n<div class=\"layoutArea\">\n<div class=\"column\">\n<div class=\"page\" title=\"Page 1\">\n<div class=\"section\">\n<div class=\"layoutArea\">\n<div class=\"column\">\n<p>Prot\u00e9ines de poulet d\u00e9shydrat\u00e9es (15%), prot\u00e9ines de poissons d\u00e9shydrat\u00e9es\u00a0(13,5%), riz, riz brun,\u00a0amidon de pomme de terre, graisse de volaille, prot\u00e9ines de poulet hydrolys\u00e9es, pois, poudre d\u2019oeufs, pulpe de\u00a0betterave d\u00e9shydrat\u00e9e, caroube s\u00e9ch\u00e9, huile de saumon (2%), levure de bi\u00e8re s\u00e9ch\u00e9e, pomme s\u00e9ch\u00e9e, min\u00e9raux,\u00a0chlorure de potassium.<\/p>\n<\/div>\n<\/div>\n<\/div>\n<\/div>\n<\/div>\n<\/div>\n<\/div>\n<\/div>\n<p>&nbsp;<\/p>\n<\/div>\n<\/div>\n<div id=\"wd-5e5d185f01212\" class=\"title-wrapper woodmart-title-color-default woodmart-title-style-default woodmart-title-width-100 text-left woodmart-title-size-small \">\n<div class=\"liner-continer\">\n<h4 class=\"woodmart-title-container title woodmart-font-weight-\"><strong>Oligo-\u00e9l\u00e9ments<\/strong><\/h4>\n<p>&nbsp;<\/p>\n<ul>\n<li>Fer (sulfate de fer monohydrat\u00e9) : 50 mg<\/li>\n<li>Iode (iodate de calcium anhydre) : 1,5 mg<\/li>\n<li>Cuivre (sulfate de cuivre pentahydrat\u00e9) : 10,0 mg<\/li>\n<li>Mangan\u00e8se (sulfate manganeux monohydrat\u00e9) : 5,0 mg<\/li>\n<li>Zinc (sulfate de zinc monohydrat\u00e9) : 62,5 mg<\/li>\n<li>S\u00e9l\u00e9nium (s\u00e9l\u00e9nite de sodium) : 0,15 mg<\/li>\n<li>\n<div id=\"wd-5ddfe0a6426fd\" class=\"title-wrapper woodmart-title-color-default woodmart-title-style-default woodmart-title-width-100 text-left woodmart-title-size-small vc_custom_1574953136037\">\n<div class=\"liner-continer\">\n<h4 class=\"woodmart-title-container title woodmart-font-weight-\"><strong>Additifs<\/strong><\/h4>\n<\/div>\n<\/div>\n<div class=\"wpb_text_column wpb_content_element\">\n<div class=\"wpb_wrapper\">\n<ul>\n<li>Vitamines A \u00a0 \u00a014 000 U.I<\/li>\n<li>Vitamines D3 \u00a0 \u00a01 400 U.I<\/li>\n<li>Vitamines E \u00a0 \u00a0 \u00a0 \u00a0 \u00a0200 mg<\/li>\n<li>Vitamines C \u00a0 \u00a0 \u00a0 \u00a0 \u00a0 \u00a0 70 mg<\/li>\n<\/ul>\n<h4 class=\"woodmart-title-container title woodmart-font-weight-\">Stabilisateurs de flore intestinale<\/h4>\n<ul>\n<li>Enterococcus faecium :10^9UFC<b><span class=\"Apple-converted-space\">\u00a0<\/span><\/b><\/li>\n<\/ul>\n<h4 class=\"woodmart-title-container title woodmart-font-weight-\">Antioxyg\u00e8nes<\/h4>\n<ul>\n<li>(extraits de tocoph\u00e9rol d\u2019huiles v\u00e9g\u00e9tales)<\/li>\n<\/ul>\n<\/div>\n<\/div>\n<\/li>\n<\/ul>\n<\/div>\n<\/div>\n<div class=\"wpb_text_column wpb_content_element\">\n<div class=\"wpb_wrapper\">\n<div id=\"wd-5dd68e5037cb2\" class=\"title-wrapper woodmart-title-color-default woodmart-title-style-default woodmart-title-width-100 text-left woodmart-title-size-small vc_custom_1574342231973\">\n<div class=\"liner-continer\">\n<h4 class=\"woodmart-title-container title woodmart-font-weight-\"><strong>Donn\u00e9es analytiques<\/strong><\/h4>\n<\/div>\n<\/div>\n<div class=\"wpb_text_column wpb_content_element strong-color\">\n<div class=\"wpb_wrapper\">\n<ul>\n<li>Prot\u00e9ines brutes\u00a027%<\/li>\n<li>Mati\u00e8res grasses brutes\u00a018%<\/li>\n<li>Cendres brutes\u00a06,4%<\/li>\n<li>Cellulose brute\u00a02,5%<\/li>\n<li>Humidit\u00e9 \u00a010,0%<\/li>\n<li>Calcium (Ca)\u00a01,3%<\/li>\n<li>Phosphore (P)\u00a00,9%<\/li>\n<li>Om\u00e9ga 6\u00a02,5%<\/li>\n<li>Glucides\u00a036,1%<\/li>\n<\/ul>\n<div class=\"page\" title=\"Page 3\">\n<div class=\"section\">\n<div class=\"layoutArea\"><\/div>\n<\/div>\n<\/div>\n<h4 class=\"woodmart-title-container title woodmart-font-weight-\"><strong>\u00c9nergie\u00a0<\/strong>m\u00e9tabolisante<\/h4>\n<p>3 918 kcal\/kg<\/p>\n<\/div>\n<\/div>\n<\/div>\n<\/div>\n","protected":false},"excerpt":{"rendered":"<div id=\"wd-61434694887ee\" class=\"title-wrapper woodmart-title-color-default woodmart-title-style-default woodmart-title-width-100 text-left woodmart-title-size-small vc_custom_1631798940169\">\n<div class=\"liner-continer\">\n<h4 class=\"woodmart-title-container title woodmart-font-weight-\"><strong>Une alimentation adapt\u00e9e aux chiens actifs sensibles. Fabriqu\u00e9s en France.<\/strong><\/h4>\n<\/div>\n<\/div>\n<div class=\"wpb_text_column wpb_content_element\">\n<div class=\"wpb_wrapper\">\n<p><b>Aliment complet pour chien adulte actif sensible\u00a0ayant\u00a0besoin d\u2019un apport tr\u00e8s riche en calories. Sans l\u00e9gumineuses, sans tubercules ajout\u00e9s.<\/b><\/p>\n<div class=\"page\" title=\"Page 2\">\n<div class=\"section\">\n<div class=\"layoutArea\">\n<div class=\"column\">\n<p>La recette\u00a0PRO TEAM SENSIBLE\u00a027\/18\u00a0contient une teneur e\u0301leve\u0301e en viande de\u0301shydrate\u0301e a\u0300 haute digestibilite\u0301 (28,5%) provenant du poulet et du poisson, ide\u0301ale pour les chiens sensibles. Sa teneur en matie\u0300res grasses a\u0300 18% provenant de l\u2019huile de saumon (2%) et de la graisse de poulet, riche en acides gras essentiels, prote\u0300ge la sante\u0301 du chien sportif (muscles, os, tendons\u2026). Le riz, source principale de glucides, favorise une bonne digestion gra\u0302ce a\u0300 ses fibres solubles.<\/p>\n<\/div>\n<\/div>\n<\/div>\n<\/div>\n<\/div>\n<\/div>\n","protected":false},"featured_media":3025,"comment_status":"open","ping_status":"closed","template":"","meta":{"_acf_changed":false},"product_cat":[37],"product_tag":[],"acf":[],"yoast_head":"<!-- This site is optimized with the Yoast SEO plugin v21.3 - https:\/\/yoast.com\/wordpress\/plugins\/seo\/ -->\n<title>PRO TEAM SENSIBLE. 17 KG - Boutique Elevage Bois Blanc Val<\/title>\n<meta name=\"robots\" content=\"index, follow, max-snippet:-1, max-image-preview:large, max-video-preview:-1\" \/>\n<link rel=\"canonical\" href=\"https:\/\/elevage-boisblancval.com\/boutique\/product\/pro-team-sensible-17-kg\/\" \/>\n<meta property=\"og:locale\" content=\"fr_FR\" \/>\n<meta property=\"og:type\" content=\"article\" \/>\n<meta property=\"og:title\" content=\"PRO TEAM SENSIBLE. 17 KG - Boutique Elevage Bois Blanc Val\" \/>\n<meta property=\"og:description\" content=\"Une alimentation adapt\u00e9e aux chiens actifs sensibles. Fabriqu\u00e9s en France.      Aliment complet pour chien adulte actif sensible\u00a0ayant\u00a0besoin d\u2019un apport tr\u00e8s riche en calories. Sans l\u00e9gumineuses, sans tubercules ajout\u00e9s.      La recette\u00a0PRO TEAM SENSIBLE\u00a027\/18\u00a0contient une teneur e\u0301leve\u0301e en viande de\u0301shydrate\u0301e a\u0300 haute digestibilite\u0301 (28,5%) provenant du poulet et du poisson, ide\u0301ale pour les chiens sensibles. Sa teneur en matie\u0300res grasses a\u0300 18% provenant de l\u2019huile de saumon (2%) et de la graisse de poulet, riche en acides gras essentiels, prote\u0300ge la sante\u0301 du chien sportif (muscles, os, tendons\u2026). Le riz, source principale de glucides, favorise une bonne digestion gra\u0302ce a\u0300 ses fibres solubles.\" \/>\n<meta property=\"og:url\" content=\"https:\/\/elevage-boisblancval.com\/boutique\/product\/pro-team-sensible-17-kg\/\" \/>\n<meta property=\"og:site_name\" content=\"Boutique Elevage Bois Blanc Val\" \/>\n<meta property=\"article:modified_time\" content=\"2025-10-01T09:52:23+00:00\" \/>\n<meta property=\"og:image\" content=\"https:\/\/elevage-boisblancval.com\/boutique\/wp-content\/uploads\/2022\/08\/PRO-TEAM-Sensible-Alimentation-chie-Supercroquettes.jpg\" \/>\n\t<meta property=\"og:image:width\" content=\"1200\" \/>\n\t<meta property=\"og:image:height\" content=\"1200\" \/>\n\t<meta property=\"og:image:type\" content=\"image\/jpeg\" \/>\n<meta name=\"twitter:card\" content=\"summary_large_image\" \/>\n<meta name=\"twitter:label1\" content=\"Dur\u00e9e de lecture estim\u00e9e\" \/>\n\t<meta name=\"twitter:data1\" content=\"1 minute\" \/>\n<script type=\"application\/ld+json\" class=\"yoast-schema-graph\">{\"@context\":\"https:\/\/schema.org\",\"@graph\":[{\"@type\":\"WebPage\",\"@id\":\"https:\/\/elevage-boisblancval.com\/boutique\/product\/pro-team-sensible-17-kg\/\",\"url\":\"https:\/\/elevage-boisblancval.com\/boutique\/product\/pro-team-sensible-17-kg\/\",\"name\":\"PRO TEAM SENSIBLE. 17 KG - Boutique Elevage Bois Blanc Val\",\"isPartOf\":{\"@id\":\"https:\/\/elevage-boisblancval.com\/boutique\/#website\"},\"datePublished\":\"2022-08-16T08:34:15+00:00\",\"dateModified\":\"2025-10-01T09:52:23+00:00\",\"breadcrumb\":{\"@id\":\"https:\/\/elevage-boisblancval.com\/boutique\/product\/pro-team-sensible-17-kg\/#breadcrumb\"},\"inLanguage\":\"fr-FR\",\"potentialAction\":[{\"@type\":\"ReadAction\",\"target\":[\"https:\/\/elevage-boisblancval.com\/boutique\/product\/pro-team-sensible-17-kg\/\"]}]},{\"@type\":\"BreadcrumbList\",\"@id\":\"https:\/\/elevage-boisblancval.com\/boutique\/product\/pro-team-sensible-17-kg\/#breadcrumb\",\"itemListElement\":[{\"@type\":\"ListItem\",\"position\":1,\"name\":\"Accueil\",\"item\":\"https:\/\/elevage-boisblancval.com\/boutique\/\"},{\"@type\":\"ListItem\",\"position\":2,\"name\":\"Boutique\",\"item\":\"https:\/\/elevage-boisblancval.com\/boutique\/shop\/\"},{\"@type\":\"ListItem\",\"position\":3,\"name\":\"PRO TEAM SENSIBLE. 17 KG\"}]},{\"@type\":\"WebSite\",\"@id\":\"https:\/\/elevage-boisblancval.com\/boutique\/#website\",\"url\":\"https:\/\/elevage-boisblancval.com\/boutique\/\",\"name\":\"Boutique Elevage Bois Blanc Val\",\"description\":\"\",\"potentialAction\":[{\"@type\":\"SearchAction\",\"target\":{\"@type\":\"EntryPoint\",\"urlTemplate\":\"https:\/\/elevage-boisblancval.com\/boutique\/?s={search_term_string}\"},\"query-input\":\"required name=search_term_string\"}],\"inLanguage\":\"fr-FR\"}]}<\/script>\n<!-- \/ Yoast SEO plugin. -->","yoast_head_json":{"title":"PRO TEAM SENSIBLE. 17 KG - Boutique Elevage Bois Blanc Val","robots":{"index":"index","follow":"follow","max-snippet":"max-snippet:-1","max-image-preview":"max-image-preview:large","max-video-preview":"max-video-preview:-1"},"canonical":"https:\/\/elevage-boisblancval.com\/boutique\/product\/pro-team-sensible-17-kg\/","og_locale":"fr_FR","og_type":"article","og_title":"PRO TEAM SENSIBLE. 17 KG - Boutique Elevage Bois Blanc Val","og_description":"Une alimentation adapt\u00e9e aux chiens actifs sensibles. Fabriqu\u00e9s en France.      Aliment complet pour chien adulte actif sensible\u00a0ayant\u00a0besoin d\u2019un apport tr\u00e8s riche en calories. Sans l\u00e9gumineuses, sans tubercules ajout\u00e9s.      La recette\u00a0PRO TEAM SENSIBLE\u00a027\/18\u00a0contient une teneur e\u0301leve\u0301e en viande de\u0301shydrate\u0301e a\u0300 haute digestibilite\u0301 (28,5%) provenant du poulet et du poisson, ide\u0301ale pour les chiens sensibles. Sa teneur en matie\u0300res grasses a\u0300 18% provenant de l\u2019huile de saumon (2%) et de la graisse de poulet, riche en acides gras essentiels, prote\u0300ge la sante\u0301 du chien sportif (muscles, os, tendons\u2026). Le riz, source principale de glucides, favorise une bonne digestion gra\u0302ce a\u0300 ses fibres solubles.","og_url":"https:\/\/elevage-boisblancval.com\/boutique\/product\/pro-team-sensible-17-kg\/","og_site_name":"Boutique Elevage Bois Blanc Val","article_modified_time":"2025-10-01T09:52:23+00:00","og_image":[{"width":1200,"height":1200,"url":"https:\/\/elevage-boisblancval.com\/boutique\/wp-content\/uploads\/2022\/08\/PRO-TEAM-Sensible-Alimentation-chie-Supercroquettes.jpg","type":"image\/jpeg"}],"twitter_card":"summary_large_image","twitter_misc":{"Dur\u00e9e de lecture estim\u00e9e":"1 minute"},"schema":{"@context":"https:\/\/schema.org","@graph":[{"@type":"WebPage","@id":"https:\/\/elevage-boisblancval.com\/boutique\/product\/pro-team-sensible-17-kg\/","url":"https:\/\/elevage-boisblancval.com\/boutique\/product\/pro-team-sensible-17-kg\/","name":"PRO TEAM SENSIBLE. 17 KG - Boutique Elevage Bois Blanc Val","isPartOf":{"@id":"https:\/\/elevage-boisblancval.com\/boutique\/#website"},"datePublished":"2022-08-16T08:34:15+00:00","dateModified":"2025-10-01T09:52:23+00:00","breadcrumb":{"@id":"https:\/\/elevage-boisblancval.com\/boutique\/product\/pro-team-sensible-17-kg\/#breadcrumb"},"inLanguage":"fr-FR","potentialAction":[{"@type":"ReadAction","target":["https:\/\/elevage-boisblancval.com\/boutique\/product\/pro-team-sensible-17-kg\/"]}]},{"@type":"BreadcrumbList","@id":"https:\/\/elevage-boisblancval.com\/boutique\/product\/pro-team-sensible-17-kg\/#breadcrumb","itemListElement":[{"@type":"ListItem","position":1,"name":"Accueil","item":"https:\/\/elevage-boisblancval.com\/boutique\/"},{"@type":"ListItem","position":2,"name":"Boutique","item":"https:\/\/elevage-boisblancval.com\/boutique\/shop\/"},{"@type":"ListItem","position":3,"name":"PRO TEAM SENSIBLE. 17 KG"}]},{"@type":"WebSite","@id":"https:\/\/elevage-boisblancval.com\/boutique\/#website","url":"https:\/\/elevage-boisblancval.com\/boutique\/","name":"Boutique Elevage Bois Blanc Val","description":"","potentialAction":[{"@type":"SearchAction","target":{"@type":"EntryPoint","urlTemplate":"https:\/\/elevage-boisblancval.com\/boutique\/?s={search_term_string}"},"query-input":"required name=search_term_string"}],"inLanguage":"fr-FR"}]}},"_links":{"self":[{"href":"https:\/\/elevage-boisblancval.com\/boutique\/wp-json\/wp\/v2\/product\/3024"}],"collection":[{"href":"https:\/\/elevage-boisblancval.com\/boutique\/wp-json\/wp\/v2\/product"}],"about":[{"href":"https:\/\/elevage-boisblancval.com\/boutique\/wp-json\/wp\/v2\/types\/product"}],"replies":[{"embeddable":true,"href":"https:\/\/elevage-boisblancval.com\/boutique\/wp-json\/wp\/v2\/comments?post=3024"}],"wp:featuredmedia":[{"embeddable":true,"href":"https:\/\/elevage-boisblancval.com\/boutique\/wp-json\/wp\/v2\/media\/3025"}],"wp:attachment":[{"href":"https:\/\/elevage-boisblancval.com\/boutique\/wp-json\/wp\/v2\/media?parent=3024"}],"wp:term":[{"taxonomy":"product_cat","embeddable":true,"href":"https:\/\/elevage-boisblancval.com\/boutique\/wp-json\/wp\/v2\/product_cat?post=3024"},{"taxonomy":"product_tag","embeddable":true,"href":"https:\/\/elevage-boisblancval.com\/boutique\/wp-json\/wp\/v2\/product_tag?post=3024"}],"curies":[{"name":"wp","href":"https:\/\/api.w.org\/{rel}","templated":true}]}}