{"id":2081,"date":"2020-11-13T17:01:08","date_gmt":"2020-11-13T17:01:08","guid":{"rendered":"https:\/\/elevage-boisblancval.com\/boutique\/?post_type=product&#038;p=2081"},"modified":"2020-11-13T17:01:08","modified_gmt":"2020-11-13T17:01:08","slug":"kong-chien-puppy","status":"publish","type":"product","link":"https:\/\/elevage-boisblancval.com\/boutique\/product\/kong-chien-puppy\/","title":{"rendered":"KONG CHIEN PUPPY"},"content":{"rendered":"<p>Le jeu Kong Puppy est con\u00e7u en caoutchouc naturel\u00a0sp\u00e9cialement adapt\u00e9 pour les chiots et petits chiens, tr\u00e8s r\u00e9sistant, id\u00e9al pendant toute la p\u00e9riode o\u00f9 les chiots font leurs dents et \u00e9prouvent le besoin irr\u00e9sistible de m\u00e2cher. De plus, il peut \u00eatre garni de friandises pour captiver plus longtemps leur attention. Le jeu est un excellent moyen d\u2019encourager votre chiot \u00e0 se d\u00e9penser physiquement mais aussi de le stimuler mentalement.<\/p>\n<p>Jouer r\u00e9guli\u00e8rement avec son chien est donc bon pour son moral, tout en permettant de d\u00e9velopper son intelligence et son ob\u00e9issance.<\/p>\n","protected":false},"excerpt":{"rendered":"<p>Le jeu Kong Puppy est con\u00e7u en caoutchouc naturel\u00a0sp\u00e9cialement adapt\u00e9 pour les chiots et petits chiens, tr\u00e8s r\u00e9sistant, id\u00e9al pendant toute la p\u00e9riode o\u00f9 les chiots font leurs dents et \u00e9prouvent le besoin irr\u00e9sistible de m\u00e2cher. De plus, il peut \u00eatre garni de friandises pour captiver plus longtemps leur attention. Le jeu est un excellent moyen d\u2019encourager votre chiot \u00e0 se d\u00e9penser physiquement mais aussi de le stimuler mentalement. Jouer r\u00e9guli\u00e8rement avec son chien est donc bon pour son moral, tout en permettant de d\u00e9velopper son intelligence et son ob\u00e9issance.<\/p>\n","protected":false},"featured_media":2082,"comment_status":"open","ping_status":"closed","template":"","meta":{"_acf_changed":false},"product_cat":[71],"product_tag":[],"acf":[],"yoast_head":"<!-- This site is optimized with the Yoast SEO plugin v21.3 - https:\/\/yoast.com\/wordpress\/plugins\/seo\/ -->\n<title>KONG CHIEN PUPPY - Boutique Elevage Bois Blanc Val<\/title>\n<meta name=\"robots\" content=\"index, follow, max-snippet:-1, max-image-preview:large, max-video-preview:-1\" \/>\n<link rel=\"canonical\" href=\"https:\/\/elevage-boisblancval.com\/boutique\/product\/kong-chien-puppy\/\" \/>\n<meta property=\"og:locale\" content=\"fr_FR\" \/>\n<meta property=\"og:type\" content=\"article\" \/>\n<meta property=\"og:title\" content=\"KONG CHIEN PUPPY - Boutique Elevage Bois Blanc Val\" \/>\n<meta property=\"og:description\" content=\"Le jeu Kong Puppy est con\u00e7u en caoutchouc naturel\u00a0sp\u00e9cialement adapt\u00e9 pour les chiots et petits chiens, tr\u00e8s r\u00e9sistant, id\u00e9al pendant toute la p\u00e9riode o\u00f9 les chiots font leurs dents et \u00e9prouvent le besoin irr\u00e9sistible de m\u00e2cher. De plus, il peut \u00eatre garni de friandises pour captiver plus longtemps leur attention. Le jeu est un excellent moyen d\u2019encourager votre chiot \u00e0 se d\u00e9penser physiquement mais aussi de le stimuler mentalement. Jouer r\u00e9guli\u00e8rement avec son chien est donc bon pour son moral, tout en permettant de d\u00e9velopper son intelligence et son ob\u00e9issance.\" \/>\n<meta property=\"og:url\" content=\"https:\/\/elevage-boisblancval.com\/boutique\/product\/kong-chien-puppy\/\" \/>\n<meta property=\"og:site_name\" content=\"Boutique Elevage Bois Blanc Val\" \/>\n<meta property=\"og:image\" content=\"https:\/\/elevage-boisblancval.com\/boutique\/wp-content\/uploads\/2020\/11\/Kong-Puppy.jpeg\" \/>\n\t<meta property=\"og:image:width\" content=\"563\" \/>\n\t<meta property=\"og:image:height\" content=\"825\" \/>\n\t<meta property=\"og:image:type\" content=\"image\/jpeg\" \/>\n<meta name=\"twitter:card\" content=\"summary_large_image\" \/>\n<meta name=\"twitter:label1\" content=\"Dur\u00e9e de lecture estim\u00e9e\" \/>\n\t<meta name=\"twitter:data1\" content=\"1 minute\" \/>\n<script type=\"application\/ld+json\" class=\"yoast-schema-graph\">{\"@context\":\"https:\/\/schema.org\",\"@graph\":[{\"@type\":\"WebPage\",\"@id\":\"https:\/\/elevage-boisblancval.com\/boutique\/product\/kong-chien-puppy\/\",\"url\":\"https:\/\/elevage-boisblancval.com\/boutique\/product\/kong-chien-puppy\/\",\"name\":\"KONG CHIEN PUPPY - Boutique Elevage Bois Blanc Val\",\"isPartOf\":{\"@id\":\"https:\/\/elevage-boisblancval.com\/boutique\/#website\"},\"datePublished\":\"2020-11-13T17:01:08+00:00\",\"dateModified\":\"2020-11-13T17:01:08+00:00\",\"breadcrumb\":{\"@id\":\"https:\/\/elevage-boisblancval.com\/boutique\/product\/kong-chien-puppy\/#breadcrumb\"},\"inLanguage\":\"fr-FR\",\"potentialAction\":[{\"@type\":\"ReadAction\",\"target\":[\"https:\/\/elevage-boisblancval.com\/boutique\/product\/kong-chien-puppy\/\"]}]},{\"@type\":\"BreadcrumbList\",\"@id\":\"https:\/\/elevage-boisblancval.com\/boutique\/product\/kong-chien-puppy\/#breadcrumb\",\"itemListElement\":[{\"@type\":\"ListItem\",\"position\":1,\"name\":\"Accueil\",\"item\":\"https:\/\/elevage-boisblancval.com\/boutique\/\"},{\"@type\":\"ListItem\",\"position\":2,\"name\":\"Boutique\",\"item\":\"https:\/\/elevage-boisblancval.com\/boutique\/shop\/\"},{\"@type\":\"ListItem\",\"position\":3,\"name\":\"KONG CHIEN PUPPY\"}]},{\"@type\":\"WebSite\",\"@id\":\"https:\/\/elevage-boisblancval.com\/boutique\/#website\",\"url\":\"https:\/\/elevage-boisblancval.com\/boutique\/\",\"name\":\"Boutique Elevage Bois Blanc Val\",\"description\":\"\",\"potentialAction\":[{\"@type\":\"SearchAction\",\"target\":{\"@type\":\"EntryPoint\",\"urlTemplate\":\"https:\/\/elevage-boisblancval.com\/boutique\/?s={search_term_string}\"},\"query-input\":\"required name=search_term_string\"}],\"inLanguage\":\"fr-FR\"}]}<\/script>\n<!-- \/ Yoast SEO plugin. -->","yoast_head_json":{"title":"KONG CHIEN PUPPY - Boutique Elevage Bois Blanc Val","robots":{"index":"index","follow":"follow","max-snippet":"max-snippet:-1","max-image-preview":"max-image-preview:large","max-video-preview":"max-video-preview:-1"},"canonical":"https:\/\/elevage-boisblancval.com\/boutique\/product\/kong-chien-puppy\/","og_locale":"fr_FR","og_type":"article","og_title":"KONG CHIEN PUPPY - Boutique Elevage Bois Blanc Val","og_description":"Le jeu Kong Puppy est con\u00e7u en caoutchouc naturel\u00a0sp\u00e9cialement adapt\u00e9 pour les chiots et petits chiens, tr\u00e8s r\u00e9sistant, id\u00e9al pendant toute la p\u00e9riode o\u00f9 les chiots font leurs dents et \u00e9prouvent le besoin irr\u00e9sistible de m\u00e2cher. De plus, il peut \u00eatre garni de friandises pour captiver plus longtemps leur attention. Le jeu est un excellent moyen d\u2019encourager votre chiot \u00e0 se d\u00e9penser physiquement mais aussi de le stimuler mentalement. Jouer r\u00e9guli\u00e8rement avec son chien est donc bon pour son moral, tout en permettant de d\u00e9velopper son intelligence et son ob\u00e9issance.","og_url":"https:\/\/elevage-boisblancval.com\/boutique\/product\/kong-chien-puppy\/","og_site_name":"Boutique Elevage Bois Blanc Val","og_image":[{"width":563,"height":825,"url":"https:\/\/elevage-boisblancval.com\/boutique\/wp-content\/uploads\/2020\/11\/Kong-Puppy.jpeg","type":"image\/jpeg"}],"twitter_card":"summary_large_image","twitter_misc":{"Dur\u00e9e de lecture estim\u00e9e":"1 minute"},"schema":{"@context":"https:\/\/schema.org","@graph":[{"@type":"WebPage","@id":"https:\/\/elevage-boisblancval.com\/boutique\/product\/kong-chien-puppy\/","url":"https:\/\/elevage-boisblancval.com\/boutique\/product\/kong-chien-puppy\/","name":"KONG CHIEN PUPPY - Boutique Elevage Bois Blanc Val","isPartOf":{"@id":"https:\/\/elevage-boisblancval.com\/boutique\/#website"},"datePublished":"2020-11-13T17:01:08+00:00","dateModified":"2020-11-13T17:01:08+00:00","breadcrumb":{"@id":"https:\/\/elevage-boisblancval.com\/boutique\/product\/kong-chien-puppy\/#breadcrumb"},"inLanguage":"fr-FR","potentialAction":[{"@type":"ReadAction","target":["https:\/\/elevage-boisblancval.com\/boutique\/product\/kong-chien-puppy\/"]}]},{"@type":"BreadcrumbList","@id":"https:\/\/elevage-boisblancval.com\/boutique\/product\/kong-chien-puppy\/#breadcrumb","itemListElement":[{"@type":"ListItem","position":1,"name":"Accueil","item":"https:\/\/elevage-boisblancval.com\/boutique\/"},{"@type":"ListItem","position":2,"name":"Boutique","item":"https:\/\/elevage-boisblancval.com\/boutique\/shop\/"},{"@type":"ListItem","position":3,"name":"KONG CHIEN PUPPY"}]},{"@type":"WebSite","@id":"https:\/\/elevage-boisblancval.com\/boutique\/#website","url":"https:\/\/elevage-boisblancval.com\/boutique\/","name":"Boutique Elevage Bois Blanc Val","description":"","potentialAction":[{"@type":"SearchAction","target":{"@type":"EntryPoint","urlTemplate":"https:\/\/elevage-boisblancval.com\/boutique\/?s={search_term_string}"},"query-input":"required name=search_term_string"}],"inLanguage":"fr-FR"}]}},"_links":{"self":[{"href":"https:\/\/elevage-boisblancval.com\/boutique\/wp-json\/wp\/v2\/product\/2081"}],"collection":[{"href":"https:\/\/elevage-boisblancval.com\/boutique\/wp-json\/wp\/v2\/product"}],"about":[{"href":"https:\/\/elevage-boisblancval.com\/boutique\/wp-json\/wp\/v2\/types\/product"}],"replies":[{"embeddable":true,"href":"https:\/\/elevage-boisblancval.com\/boutique\/wp-json\/wp\/v2\/comments?post=2081"}],"wp:featuredmedia":[{"embeddable":true,"href":"https:\/\/elevage-boisblancval.com\/boutique\/wp-json\/wp\/v2\/media\/2082"}],"wp:attachment":[{"href":"https:\/\/elevage-boisblancval.com\/boutique\/wp-json\/wp\/v2\/media?parent=2081"}],"wp:term":[{"taxonomy":"product_cat","embeddable":true,"href":"https:\/\/elevage-boisblancval.com\/boutique\/wp-json\/wp\/v2\/product_cat?post=2081"},{"taxonomy":"product_tag","embeddable":true,"href":"https:\/\/elevage-boisblancval.com\/boutique\/wp-json\/wp\/v2\/product_tag?post=2081"}],"curies":[{"name":"wp","href":"https:\/\/api.w.org\/{rel}","templated":true}]}}