{"id":2077,"date":"2020-11-13T16:47:06","date_gmt":"2020-11-13T16:47:06","guid":{"rendered":"https:\/\/elevage-boisblancval.com\/boutique\/?post_type=product&#038;p=2077"},"modified":"2025-10-01T09:48:16","modified_gmt":"2025-10-01T09:48:16","slug":"jw-chien-hol-ee-football","status":"publish","type":"product","link":"https:\/\/elevage-boisblancval.com\/boutique\/product\/jw-chien-hol-ee-football\/","title":{"rendered":"JW CHIEN HOL-EE FOOTBALL"},"content":{"rendered":"<p>Difficilement destructible m\u00eame par les chiens de grandes races. Jouet Hol-ee Football en caoutchouc naturel est certifi\u00e9 non toxique. Coloris assortis rouge, bleu, vert ou violet selon arrivage.<\/p>\n<p>Le jouet Hol-ee Football est un excellent moyen d\u2019encourager votre chien \u00e0 se d\u00e9penser physiquement mais aussi de le stimuler mentalement. De plus, cette activit\u00e9 partag\u00e9e renforce les liens entre l\u2019animal et son ma\u00eetre et aide \u00e0 lutter contre l\u2019ennui et le surpoids.<\/p>\n<p>Jouer r\u00e9guli\u00e8rement avec son chien est donc bon pour son moral, tout en permettant de d\u00e9velopper son intelligence et son ob\u00e9issance.<\/p>\n","protected":false},"excerpt":{"rendered":"<p>Difficilement destructible m\u00eame par les chiens de grandes races. Jouet Hol-ee Football en caoutchouc naturel est certifi\u00e9 non toxique. Coloris assortis rouge, bleu, vert ou violet selon arrivage. Le jouet Hol-ee Football est un excellent moyen d\u2019encourager votre chien \u00e0 se d\u00e9penser physiquement mais aussi de le stimuler mentalement. De plus, cette activit\u00e9 partag\u00e9e renforce les liens entre l\u2019animal et son ma\u00eetre et aide \u00e0 lutter contre l\u2019ennui et le surpoids. Jouer r\u00e9guli\u00e8rement avec son chien est donc bon pour son moral, tout en permettant de d\u00e9velopper son intelligence et son ob\u00e9issance.<\/p>\n","protected":false},"featured_media":2078,"comment_status":"open","ping_status":"closed","template":"","meta":{"_acf_changed":false},"product_cat":[71],"product_tag":[],"acf":[],"yoast_head":"<!-- This site is optimized with the Yoast SEO plugin v21.3 - https:\/\/yoast.com\/wordpress\/plugins\/seo\/ -->\n<title>JW CHIEN HOL-EE FOOTBALL - Boutique Elevage Bois Blanc Val<\/title>\n<meta name=\"robots\" content=\"index, follow, max-snippet:-1, max-image-preview:large, max-video-preview:-1\" \/>\n<link rel=\"canonical\" href=\"https:\/\/elevage-boisblancval.com\/boutique\/product\/jw-chien-hol-ee-football\/\" \/>\n<meta property=\"og:locale\" content=\"fr_FR\" \/>\n<meta property=\"og:type\" content=\"article\" \/>\n<meta property=\"og:title\" content=\"JW CHIEN HOL-EE FOOTBALL - Boutique Elevage Bois Blanc Val\" \/>\n<meta property=\"og:description\" content=\"Difficilement destructible m\u00eame par les chiens de grandes races. Jouet Hol-ee Football en caoutchouc naturel est certifi\u00e9 non toxique. Coloris assortis rouge, bleu, vert ou violet selon arrivage. Le jouet Hol-ee Football est un excellent moyen d\u2019encourager votre chien \u00e0 se d\u00e9penser physiquement mais aussi de le stimuler mentalement. De plus, cette activit\u00e9 partag\u00e9e renforce les liens entre l\u2019animal et son ma\u00eetre et aide \u00e0 lutter contre l\u2019ennui et le surpoids. Jouer r\u00e9guli\u00e8rement avec son chien est donc bon pour son moral, tout en permettant de d\u00e9velopper son intelligence et son ob\u00e9issance.\" \/>\n<meta property=\"og:url\" content=\"https:\/\/elevage-boisblancval.com\/boutique\/product\/jw-chien-hol-ee-football\/\" \/>\n<meta property=\"og:site_name\" content=\"Boutique Elevage Bois Blanc Val\" \/>\n<meta property=\"article:modified_time\" content=\"2025-10-01T09:48:16+00:00\" \/>\n<meta property=\"og:image\" content=\"https:\/\/elevage-boisblancval.com\/boutique\/wp-content\/uploads\/2020\/11\/JW-Hol-Ee-Football-Taille-M-Rouge.jpeg\" \/>\n\t<meta property=\"og:image:width\" content=\"563\" \/>\n\t<meta property=\"og:image:height\" content=\"825\" \/>\n\t<meta property=\"og:image:type\" content=\"image\/jpeg\" \/>\n<meta name=\"twitter:card\" content=\"summary_large_image\" \/>\n<meta name=\"twitter:label1\" content=\"Dur\u00e9e de lecture estim\u00e9e\" \/>\n\t<meta name=\"twitter:data1\" content=\"1 minute\" \/>\n<script type=\"application\/ld+json\" class=\"yoast-schema-graph\">{\"@context\":\"https:\/\/schema.org\",\"@graph\":[{\"@type\":\"WebPage\",\"@id\":\"https:\/\/elevage-boisblancval.com\/boutique\/product\/jw-chien-hol-ee-football\/\",\"url\":\"https:\/\/elevage-boisblancval.com\/boutique\/product\/jw-chien-hol-ee-football\/\",\"name\":\"JW CHIEN HOL-EE FOOTBALL - Boutique Elevage Bois Blanc Val\",\"isPartOf\":{\"@id\":\"https:\/\/elevage-boisblancval.com\/boutique\/#website\"},\"datePublished\":\"2020-11-13T16:47:06+00:00\",\"dateModified\":\"2025-10-01T09:48:16+00:00\",\"breadcrumb\":{\"@id\":\"https:\/\/elevage-boisblancval.com\/boutique\/product\/jw-chien-hol-ee-football\/#breadcrumb\"},\"inLanguage\":\"fr-FR\",\"potentialAction\":[{\"@type\":\"ReadAction\",\"target\":[\"https:\/\/elevage-boisblancval.com\/boutique\/product\/jw-chien-hol-ee-football\/\"]}]},{\"@type\":\"BreadcrumbList\",\"@id\":\"https:\/\/elevage-boisblancval.com\/boutique\/product\/jw-chien-hol-ee-football\/#breadcrumb\",\"itemListElement\":[{\"@type\":\"ListItem\",\"position\":1,\"name\":\"Accueil\",\"item\":\"https:\/\/elevage-boisblancval.com\/boutique\/\"},{\"@type\":\"ListItem\",\"position\":2,\"name\":\"Boutique\",\"item\":\"https:\/\/elevage-boisblancval.com\/boutique\/shop\/\"},{\"@type\":\"ListItem\",\"position\":3,\"name\":\"JW CHIEN HOL-EE FOOTBALL\"}]},{\"@type\":\"WebSite\",\"@id\":\"https:\/\/elevage-boisblancval.com\/boutique\/#website\",\"url\":\"https:\/\/elevage-boisblancval.com\/boutique\/\",\"name\":\"Boutique Elevage Bois Blanc Val\",\"description\":\"\",\"potentialAction\":[{\"@type\":\"SearchAction\",\"target\":{\"@type\":\"EntryPoint\",\"urlTemplate\":\"https:\/\/elevage-boisblancval.com\/boutique\/?s={search_term_string}\"},\"query-input\":\"required name=search_term_string\"}],\"inLanguage\":\"fr-FR\"}]}<\/script>\n<!-- \/ Yoast SEO plugin. -->","yoast_head_json":{"title":"JW CHIEN HOL-EE FOOTBALL - Boutique Elevage Bois Blanc Val","robots":{"index":"index","follow":"follow","max-snippet":"max-snippet:-1","max-image-preview":"max-image-preview:large","max-video-preview":"max-video-preview:-1"},"canonical":"https:\/\/elevage-boisblancval.com\/boutique\/product\/jw-chien-hol-ee-football\/","og_locale":"fr_FR","og_type":"article","og_title":"JW CHIEN HOL-EE FOOTBALL - Boutique Elevage Bois Blanc Val","og_description":"Difficilement destructible m\u00eame par les chiens de grandes races. Jouet Hol-ee Football en caoutchouc naturel est certifi\u00e9 non toxique. Coloris assortis rouge, bleu, vert ou violet selon arrivage. Le jouet Hol-ee Football est un excellent moyen d\u2019encourager votre chien \u00e0 se d\u00e9penser physiquement mais aussi de le stimuler mentalement. De plus, cette activit\u00e9 partag\u00e9e renforce les liens entre l\u2019animal et son ma\u00eetre et aide \u00e0 lutter contre l\u2019ennui et le surpoids. Jouer r\u00e9guli\u00e8rement avec son chien est donc bon pour son moral, tout en permettant de d\u00e9velopper son intelligence et son ob\u00e9issance.","og_url":"https:\/\/elevage-boisblancval.com\/boutique\/product\/jw-chien-hol-ee-football\/","og_site_name":"Boutique Elevage Bois Blanc Val","article_modified_time":"2025-10-01T09:48:16+00:00","og_image":[{"width":563,"height":825,"url":"https:\/\/elevage-boisblancval.com\/boutique\/wp-content\/uploads\/2020\/11\/JW-Hol-Ee-Football-Taille-M-Rouge.jpeg","type":"image\/jpeg"}],"twitter_card":"summary_large_image","twitter_misc":{"Dur\u00e9e de lecture estim\u00e9e":"1 minute"},"schema":{"@context":"https:\/\/schema.org","@graph":[{"@type":"WebPage","@id":"https:\/\/elevage-boisblancval.com\/boutique\/product\/jw-chien-hol-ee-football\/","url":"https:\/\/elevage-boisblancval.com\/boutique\/product\/jw-chien-hol-ee-football\/","name":"JW CHIEN HOL-EE FOOTBALL - Boutique Elevage Bois Blanc Val","isPartOf":{"@id":"https:\/\/elevage-boisblancval.com\/boutique\/#website"},"datePublished":"2020-11-13T16:47:06+00:00","dateModified":"2025-10-01T09:48:16+00:00","breadcrumb":{"@id":"https:\/\/elevage-boisblancval.com\/boutique\/product\/jw-chien-hol-ee-football\/#breadcrumb"},"inLanguage":"fr-FR","potentialAction":[{"@type":"ReadAction","target":["https:\/\/elevage-boisblancval.com\/boutique\/product\/jw-chien-hol-ee-football\/"]}]},{"@type":"BreadcrumbList","@id":"https:\/\/elevage-boisblancval.com\/boutique\/product\/jw-chien-hol-ee-football\/#breadcrumb","itemListElement":[{"@type":"ListItem","position":1,"name":"Accueil","item":"https:\/\/elevage-boisblancval.com\/boutique\/"},{"@type":"ListItem","position":2,"name":"Boutique","item":"https:\/\/elevage-boisblancval.com\/boutique\/shop\/"},{"@type":"ListItem","position":3,"name":"JW CHIEN HOL-EE FOOTBALL"}]},{"@type":"WebSite","@id":"https:\/\/elevage-boisblancval.com\/boutique\/#website","url":"https:\/\/elevage-boisblancval.com\/boutique\/","name":"Boutique Elevage Bois Blanc Val","description":"","potentialAction":[{"@type":"SearchAction","target":{"@type":"EntryPoint","urlTemplate":"https:\/\/elevage-boisblancval.com\/boutique\/?s={search_term_string}"},"query-input":"required name=search_term_string"}],"inLanguage":"fr-FR"}]}},"_links":{"self":[{"href":"https:\/\/elevage-boisblancval.com\/boutique\/wp-json\/wp\/v2\/product\/2077"}],"collection":[{"href":"https:\/\/elevage-boisblancval.com\/boutique\/wp-json\/wp\/v2\/product"}],"about":[{"href":"https:\/\/elevage-boisblancval.com\/boutique\/wp-json\/wp\/v2\/types\/product"}],"replies":[{"embeddable":true,"href":"https:\/\/elevage-boisblancval.com\/boutique\/wp-json\/wp\/v2\/comments?post=2077"}],"wp:featuredmedia":[{"embeddable":true,"href":"https:\/\/elevage-boisblancval.com\/boutique\/wp-json\/wp\/v2\/media\/2078"}],"wp:attachment":[{"href":"https:\/\/elevage-boisblancval.com\/boutique\/wp-json\/wp\/v2\/media?parent=2077"}],"wp:term":[{"taxonomy":"product_cat","embeddable":true,"href":"https:\/\/elevage-boisblancval.com\/boutique\/wp-json\/wp\/v2\/product_cat?post=2077"},{"taxonomy":"product_tag","embeddable":true,"href":"https:\/\/elevage-boisblancval.com\/boutique\/wp-json\/wp\/v2\/product_tag?post=2077"}],"curies":[{"name":"wp","href":"https:\/\/api.w.org\/{rel}","templated":true}]}}