{"id":2061,"date":"2020-11-13T14:44:58","date_gmt":"2020-11-13T14:44:58","guid":{"rendered":"https:\/\/elevage-boisblancval.com\/boutique\/?post_type=product&#038;p=2061"},"modified":"2021-07-29T08:12:49","modified_gmt":"2021-07-29T08:12:49","slug":"2061","status":"publish","type":"product","link":"https:\/\/elevage-boisblancval.com\/boutique\/product\/2061\/","title":{"rendered":"BUBIMEX CHIEN DENTIES"},"content":{"rendered":"<div id=\"wd-5df8bdb59eade\" class=\"title-wrapper woodmart-title-color-default woodmart-title-style-default woodmart-title-width-100 text-left woodmart-title-size-small \">\n<div class=\"liner-continer\">\n<h4 class=\"woodmart-title-container title woodmart-font-weight-\"><strong>Jouet favorisant l&#8217;hygi\u00e8ne dentaire<\/strong><\/h4>\n<p>Dimension:19.5 cm<\/p>\n<\/div>\n<\/div>\n<div class=\"wpb_text_column wpb_content_element\">\n<div class=\"wpb_wrapper\">\n<p>Jouet denties toy pour chien, extr\u00eamement r\u00e9sistant et favorisant\u00a0l\u2019hygi\u00e8ne dentaire.<br \/>\nTout en mastiquant le jouet, votre chien passe ses dents dans les rainures pr\u00e9vues. Ainsi il se nettoie les dents et assainit ses gencives.<\/p>\n<p>Ultra-r\u00e9sistant pour renforcer la dentition des chiens. Les dents s\u2019enfoncent dans les rainures et frottent le caoutchouc pour garantir la r\u00e9duction de la formation de tartre.<\/p>\n<p>Denties toy est un jeu tr\u00e8s r\u00e9sistant pour la mastication et flexible. M\u00e2cher intensivement affermit la musculature de la m\u00e2choire\u00a0 et maintient l\u2019hygi\u00e8ne dentaire. La gencive est l\u00e9g\u00e8rement mass\u00e9e par la surface \u00e0 picots. Peut \u00eatre garni de barres \u00e0 m\u00e2cher ou \u00a0de friandises pour plus de plaisir.<\/p>\n<p>Jouet pour lancer, tirer et partager des moments de complicit\u00e9 avec votre chien.<\/p>\n<\/div>\n<\/div>\n","protected":false},"excerpt":{"rendered":"<p>Jouet favorisant l&#8217;hygi\u00e8ne dentaire Dimension:19.5 cm Jouet denties toy pour chien, extr\u00eamement r\u00e9sistant et favorisant\u00a0l\u2019hygi\u00e8ne dentaire. Tout en mastiquant le jouet, votre chien passe ses dents dans les rainures pr\u00e9vues. Ainsi il se nettoie les dents et assainit ses gencives. Ultra-r\u00e9sistant pour renforcer la dentition des chiens. Les dents s\u2019enfoncent dans les rainures et frottent le caoutchouc pour garantir la r\u00e9duction de la formation de tartre. Denties toy est un jeu tr\u00e8s r\u00e9sistant pour la mastication et flexible. M\u00e2cher intensivement affermit la musculature de la m\u00e2choire\u00a0 et maintient l\u2019hygi\u00e8ne dentaire. La gencive est l\u00e9g\u00e8rement mass\u00e9e par la surface \u00e0 picots. Peut \u00eatre garni de barres \u00e0 m\u00e2cher ou \u00a0de friandises pour plus de plaisir. Jouet pour lancer, tirer et partager des moments de complicit\u00e9 avec votre chien.<\/p>\n","protected":false},"featured_media":2063,"comment_status":"open","ping_status":"closed","template":"","meta":{"_acf_changed":false},"product_cat":[71],"product_tag":[],"acf":[],"yoast_head":"<!-- This site is optimized with the Yoast SEO plugin v21.3 - https:\/\/yoast.com\/wordpress\/plugins\/seo\/ -->\n<title>BUBIMEX CHIEN DENTIES - Boutique Elevage Bois Blanc Val<\/title>\n<meta name=\"robots\" content=\"index, follow, max-snippet:-1, max-image-preview:large, max-video-preview:-1\" \/>\n<link rel=\"canonical\" href=\"https:\/\/elevage-boisblancval.com\/boutique\/product\/2061\/\" \/>\n<meta property=\"og:locale\" content=\"fr_FR\" \/>\n<meta property=\"og:type\" content=\"article\" \/>\n<meta property=\"og:title\" content=\"BUBIMEX CHIEN DENTIES - Boutique Elevage Bois Blanc Val\" \/>\n<meta property=\"og:description\" content=\"Jouet favorisant l&#8217;hygi\u00e8ne dentaire Dimension:19.5 cm Jouet denties toy pour chien, extr\u00eamement r\u00e9sistant et favorisant\u00a0l\u2019hygi\u00e8ne dentaire. Tout en mastiquant le jouet, votre chien passe ses dents dans les rainures pr\u00e9vues. Ainsi il se nettoie les dents et assainit ses gencives. Ultra-r\u00e9sistant pour renforcer la dentition des chiens. Les dents s\u2019enfoncent dans les rainures et frottent le caoutchouc pour garantir la r\u00e9duction de la formation de tartre. Denties toy est un jeu tr\u00e8s r\u00e9sistant pour la mastication et flexible. M\u00e2cher intensivement affermit la musculature de la m\u00e2choire\u00a0 et maintient l\u2019hygi\u00e8ne dentaire. La gencive est l\u00e9g\u00e8rement mass\u00e9e par la surface \u00e0 picots. Peut \u00eatre garni de barres \u00e0 m\u00e2cher ou \u00a0de friandises pour plus de plaisir. Jouet pour lancer, tirer et partager des moments de complicit\u00e9 avec votre chien.\" \/>\n<meta property=\"og:url\" content=\"https:\/\/elevage-boisblancval.com\/boutique\/product\/2061\/\" \/>\n<meta property=\"og:site_name\" content=\"Boutique Elevage Bois Blanc Val\" \/>\n<meta property=\"article:modified_time\" content=\"2021-07-29T08:12:49+00:00\" \/>\n<meta property=\"og:image\" content=\"https:\/\/elevage-boisblancval.com\/boutique\/wp-content\/uploads\/2020\/11\/Bubimex-Denties-Toy-1.jpeg\" \/>\n\t<meta property=\"og:image:width\" content=\"563\" \/>\n\t<meta property=\"og:image:height\" content=\"825\" \/>\n\t<meta property=\"og:image:type\" content=\"image\/jpeg\" \/>\n<meta name=\"twitter:card\" content=\"summary_large_image\" \/>\n<meta name=\"twitter:label1\" content=\"Dur\u00e9e de lecture estim\u00e9e\" \/>\n\t<meta name=\"twitter:data1\" content=\"1 minute\" \/>\n<script type=\"application\/ld+json\" class=\"yoast-schema-graph\">{\"@context\":\"https:\/\/schema.org\",\"@graph\":[{\"@type\":\"WebPage\",\"@id\":\"https:\/\/elevage-boisblancval.com\/boutique\/product\/2061\/\",\"url\":\"https:\/\/elevage-boisblancval.com\/boutique\/product\/2061\/\",\"name\":\"BUBIMEX CHIEN DENTIES - Boutique Elevage Bois Blanc Val\",\"isPartOf\":{\"@id\":\"https:\/\/elevage-boisblancval.com\/boutique\/#website\"},\"datePublished\":\"2020-11-13T14:44:58+00:00\",\"dateModified\":\"2021-07-29T08:12:49+00:00\",\"breadcrumb\":{\"@id\":\"https:\/\/elevage-boisblancval.com\/boutique\/product\/2061\/#breadcrumb\"},\"inLanguage\":\"fr-FR\",\"potentialAction\":[{\"@type\":\"ReadAction\",\"target\":[\"https:\/\/elevage-boisblancval.com\/boutique\/product\/2061\/\"]}]},{\"@type\":\"BreadcrumbList\",\"@id\":\"https:\/\/elevage-boisblancval.com\/boutique\/product\/2061\/#breadcrumb\",\"itemListElement\":[{\"@type\":\"ListItem\",\"position\":1,\"name\":\"Accueil\",\"item\":\"https:\/\/elevage-boisblancval.com\/boutique\/\"},{\"@type\":\"ListItem\",\"position\":2,\"name\":\"Boutique\",\"item\":\"https:\/\/elevage-boisblancval.com\/boutique\/shop\/\"},{\"@type\":\"ListItem\",\"position\":3,\"name\":\"BUBIMEX CHIEN DENTIES\"}]},{\"@type\":\"WebSite\",\"@id\":\"https:\/\/elevage-boisblancval.com\/boutique\/#website\",\"url\":\"https:\/\/elevage-boisblancval.com\/boutique\/\",\"name\":\"Boutique Elevage Bois Blanc Val\",\"description\":\"\",\"potentialAction\":[{\"@type\":\"SearchAction\",\"target\":{\"@type\":\"EntryPoint\",\"urlTemplate\":\"https:\/\/elevage-boisblancval.com\/boutique\/?s={search_term_string}\"},\"query-input\":\"required name=search_term_string\"}],\"inLanguage\":\"fr-FR\"}]}<\/script>\n<!-- \/ Yoast SEO plugin. -->","yoast_head_json":{"title":"BUBIMEX CHIEN DENTIES - Boutique Elevage Bois Blanc Val","robots":{"index":"index","follow":"follow","max-snippet":"max-snippet:-1","max-image-preview":"max-image-preview:large","max-video-preview":"max-video-preview:-1"},"canonical":"https:\/\/elevage-boisblancval.com\/boutique\/product\/2061\/","og_locale":"fr_FR","og_type":"article","og_title":"BUBIMEX CHIEN DENTIES - Boutique Elevage Bois Blanc Val","og_description":"Jouet favorisant l&#8217;hygi\u00e8ne dentaire Dimension:19.5 cm Jouet denties toy pour chien, extr\u00eamement r\u00e9sistant et favorisant\u00a0l\u2019hygi\u00e8ne dentaire. Tout en mastiquant le jouet, votre chien passe ses dents dans les rainures pr\u00e9vues. Ainsi il se nettoie les dents et assainit ses gencives. Ultra-r\u00e9sistant pour renforcer la dentition des chiens. Les dents s\u2019enfoncent dans les rainures et frottent le caoutchouc pour garantir la r\u00e9duction de la formation de tartre. Denties toy est un jeu tr\u00e8s r\u00e9sistant pour la mastication et flexible. M\u00e2cher intensivement affermit la musculature de la m\u00e2choire\u00a0 et maintient l\u2019hygi\u00e8ne dentaire. La gencive est l\u00e9g\u00e8rement mass\u00e9e par la surface \u00e0 picots. Peut \u00eatre garni de barres \u00e0 m\u00e2cher ou \u00a0de friandises pour plus de plaisir. Jouet pour lancer, tirer et partager des moments de complicit\u00e9 avec votre chien.","og_url":"https:\/\/elevage-boisblancval.com\/boutique\/product\/2061\/","og_site_name":"Boutique Elevage Bois Blanc Val","article_modified_time":"2021-07-29T08:12:49+00:00","og_image":[{"width":563,"height":825,"url":"https:\/\/elevage-boisblancval.com\/boutique\/wp-content\/uploads\/2020\/11\/Bubimex-Denties-Toy-1.jpeg","type":"image\/jpeg"}],"twitter_card":"summary_large_image","twitter_misc":{"Dur\u00e9e de lecture estim\u00e9e":"1 minute"},"schema":{"@context":"https:\/\/schema.org","@graph":[{"@type":"WebPage","@id":"https:\/\/elevage-boisblancval.com\/boutique\/product\/2061\/","url":"https:\/\/elevage-boisblancval.com\/boutique\/product\/2061\/","name":"BUBIMEX CHIEN DENTIES - Boutique Elevage Bois Blanc Val","isPartOf":{"@id":"https:\/\/elevage-boisblancval.com\/boutique\/#website"},"datePublished":"2020-11-13T14:44:58+00:00","dateModified":"2021-07-29T08:12:49+00:00","breadcrumb":{"@id":"https:\/\/elevage-boisblancval.com\/boutique\/product\/2061\/#breadcrumb"},"inLanguage":"fr-FR","potentialAction":[{"@type":"ReadAction","target":["https:\/\/elevage-boisblancval.com\/boutique\/product\/2061\/"]}]},{"@type":"BreadcrumbList","@id":"https:\/\/elevage-boisblancval.com\/boutique\/product\/2061\/#breadcrumb","itemListElement":[{"@type":"ListItem","position":1,"name":"Accueil","item":"https:\/\/elevage-boisblancval.com\/boutique\/"},{"@type":"ListItem","position":2,"name":"Boutique","item":"https:\/\/elevage-boisblancval.com\/boutique\/shop\/"},{"@type":"ListItem","position":3,"name":"BUBIMEX CHIEN DENTIES"}]},{"@type":"WebSite","@id":"https:\/\/elevage-boisblancval.com\/boutique\/#website","url":"https:\/\/elevage-boisblancval.com\/boutique\/","name":"Boutique Elevage Bois Blanc Val","description":"","potentialAction":[{"@type":"SearchAction","target":{"@type":"EntryPoint","urlTemplate":"https:\/\/elevage-boisblancval.com\/boutique\/?s={search_term_string}"},"query-input":"required name=search_term_string"}],"inLanguage":"fr-FR"}]}},"_links":{"self":[{"href":"https:\/\/elevage-boisblancval.com\/boutique\/wp-json\/wp\/v2\/product\/2061"}],"collection":[{"href":"https:\/\/elevage-boisblancval.com\/boutique\/wp-json\/wp\/v2\/product"}],"about":[{"href":"https:\/\/elevage-boisblancval.com\/boutique\/wp-json\/wp\/v2\/types\/product"}],"replies":[{"embeddable":true,"href":"https:\/\/elevage-boisblancval.com\/boutique\/wp-json\/wp\/v2\/comments?post=2061"}],"wp:featuredmedia":[{"embeddable":true,"href":"https:\/\/elevage-boisblancval.com\/boutique\/wp-json\/wp\/v2\/media\/2063"}],"wp:attachment":[{"href":"https:\/\/elevage-boisblancval.com\/boutique\/wp-json\/wp\/v2\/media?parent=2061"}],"wp:term":[{"taxonomy":"product_cat","embeddable":true,"href":"https:\/\/elevage-boisblancval.com\/boutique\/wp-json\/wp\/v2\/product_cat?post=2061"},{"taxonomy":"product_tag","embeddable":true,"href":"https:\/\/elevage-boisblancval.com\/boutique\/wp-json\/wp\/v2\/product_tag?post=2061"}],"curies":[{"name":"wp","href":"https:\/\/api.w.org\/{rel}","templated":true}]}}