{"id":1735,"date":"2019-11-06T15:24:20","date_gmt":"2019-11-06T15:24:20","guid":{"rendered":"https:\/\/elevage-boisblancval.com\/boutique\/?post_type=product&#038;p=1735"},"modified":"2025-10-01T09:29:28","modified_gmt":"2025-10-01T09:29:28","slug":"croquette-chien-optimal-condition-light-greenheart-premiums-15-kg","status":"publish","type":"product","link":"https:\/\/elevage-boisblancval.com\/boutique\/product\/croquette-chien-optimal-condition-light-greenheart-premiums-15-kg\/","title":{"rendered":"CROQUETTE CHIEN OPTIMAL CONDITION LIGHT &#8211; GREENHEART PREMIUMS 12 kg"},"content":{"rendered":"<p><strong>Composition :\u00a0<\/strong>Canard 54.7%, riz, bettraves, foie de poulet hydrolys\u00e9, graines de lin, levure, graisse de poulet, huile de saumon, huile de bourrache, l\u00e9cithine, min\u00e9raux<\/p>\n<p><strong>Donn\u00e9es analytiques :<\/strong>\u00a0Prot\u00e9ines brutes 24%, Lipides brutes 8,5%, Celluloses brutes 7,5%, Cendres brutes 7,4%, Calcium (Ca) 1,2%, Phosphore (P) 0,9%, Sodium (Na) 1g\/kg,\u00a0Magn\u00e9sium (Mg) 1,5g\/kg, Potassium (K) 6g\/kg, Humidit\u00e9 10%<\/p>\n<p><strong>Additifs :<\/strong>\u00a0Vit.A 11250 IU\/kg,Vit. D3 1125 IU\/kg, Vit.E 400mg\/kg, Vit.K3 1,2mg\/kg, Vit.B1 5,4mg\/kg, Vit.B2 8,1mg\/kg, Niacine 33,7mg\/kg, Pantoth\u00e9nate de calcium 15 mg\/kg, Vit.B6 3mg\/kg, Vit.B12 45\u00b5g\/kg, Biotine 300\u00b5g\/kg, Choline 606mg\/kg, Acide folique 0,75mg\/kg, Vit.C 283mg\/kg, Fer (Fe) 57mg\/kg, Mangan\u00e9se (Mn) 20,8mg\/kg, Cuivre (Cu) 10mg\/kg, Zinc (Zn) 100mg\/kg, Iode (I) 1,1mg\/kg, S\u00e9l\u00e9nium (Se) 0,2mg\/kg, L-Carnitine 200mg\/kg, Huile de saumon 2%, Huile de bourrache 0,45%<\/p>\n<p><strong>Acides amin\u00e9s essentiels :<\/strong>\u00a0Lysine 13,2g\/kg, M\u00e9thionine 5,1g\/kg, Fenylalanine 9,5g\/kg, Isoleucine 8,3g\/kg, Cystine 3,6g\/kg, Tr\u00e9onine 9,2g\/kg, Tryptophane 6,6g\/kg, Histidine 4,8g\/kg, Leucine 16,2g\/kg, Valine 13,3g\/kg, Tyrosine 9,9g\/kg, Taurine 2g\/kg, Arginine 15,2g\/kg, Acide linol\u00e9ique N6 17,5g\/kg, Acide linol\u00e9nique 4,9g\/kg, Alpha-linol\u00e9nique acid n-3 4g\/kg, Gamma-linol\u00e9nique acid n-6 0,9g\/kg, L\u2019acide ara-chidonique n-6 0,33g\/kg, EPA n-3 0,715g\/kg, DHA n-3 0,795g\/kg, Autres glucides 42,6g\/kg, Fraction de prot\u00e9ine 29g\/kg, Valeurs \u00e9nerg\u00e9tiques 3340Kcal\/kg<\/p>\n","protected":false},"excerpt":{"rendered":"<p>Greenheart Premiums\u00a0Optimal Condition Light &#8211; Aliment complet pour chien.<\/p>\n<p>Croquettes Optimal Condition Light adapt\u00e9es aux chiens de toutes races en surcharge pond\u00e9rale. Sans c\u00e9r\u00e9ales, hypoallerg\u00e9niques, et faibles mati\u00e8res grasses. Une seule source de prot\u00e9ine animale de canard et seulement 8,5% de mati\u00e8res grasses pour une faible valeur \u00e9nerg\u00e9tique.<\/p>\n<div class=\"page\" title=\"Page 5\">\n<div class=\"layoutArea\">\n<div class=\"column\">\n<p>Aliment hypoallerg\u00e9nique\u00a0complet pour le chien ayant des probl\u00e8mes d\u2019allergies\u00a0avec des tendances de surpoids ou pr\u00e9sentant un exc\u00e8s de poids.<br \/>\nCe produit convient \u00e9galement pour les chiens pr\u00e9sentant des troubles de la peau ou des troubles gastro-intestinaux, ou aux chiens st\u00e9rilis\u00e9s.<\/p>\n<p>Greenheart Optimal Condition Light est un aliment sp\u00e9cifique et sain. La recette est sans gluten, et la source de prot\u00e9ines est hypoallerg\u00e9nique : une seule source de prot\u00e9ines animales : le canard 54.7%. Ceci contribue \u00e0 la r\u00e9solution de certains probl\u00e8mes de peau et probl\u00e8mes gastro-intestinaux.<\/p>\n<p>Greenheart Optimal Condition Light a une faible teneur en \u00e9nergie avec 8,5% de mati\u00e8res grasses, dont un pourcentage provient essentiellement des acides gras insatur\u00e9s, en combinaison avec L- carnitine cela permet\u00a0d&#8217;enlever la graisse dans le c\u0153ur\u00a0et par cons\u00e9quent, de r\u00e9duire le risque d&#8217;insuffisance cardiaque.<\/p>\n<p>Greenheart Optimal Condition Light est riche en plusieurs acides gras insatur\u00e9s (om\u00e9ga 3 et om\u00e9ga 6). Plusieurs acides gras insatur\u00e9s om\u00e9ga 3 ont \u00e9t\u00e9 sp\u00e9cialement s\u00e9lectionn\u00e9s \u00e0 partir de sources sp\u00e9ciales telles que l&#8217;huile de saumon et la graine de lin.<br \/>\nLa graine de lin am\u00e9liore la digestion, tandis que l\u2019huile de saumon rend le poil et le pelage brillant.\u00a0Certaines de ces graisses r\u00e9duisent le risque de cancer (extrait de romarin) et aussi les vitamines E qui contrecarrent la formation de radicaux libres et les dommages caus\u00e9s par le processus d&#8217;oxydation.<\/p>\n<\/div>\n<\/div>\n<\/div>\n<p>Greenheart-Premiums travaille depuis 1997 pour une alimentation animale innovante, abordable et de haute qualit\u00e9, sans adjonction chimique d\u2019ar\u00f4mes ou de colorants, et avec des antioxydants naturels.<\/p>\n","protected":false},"featured_media":1736,"comment_status":"open","ping_status":"closed","template":"","meta":{"_acf_changed":false},"product_cat":[37],"product_tag":[],"acf":[],"yoast_head":"<!-- This site is optimized with the Yoast SEO plugin v21.3 - https:\/\/yoast.com\/wordpress\/plugins\/seo\/ -->\n<title>CROQUETTE CHIEN OPTIMAL CONDITION LIGHT - GREENHEART PREMIUMS 12 kg - Boutique Elevage Bois Blanc Val<\/title>\n<meta name=\"robots\" content=\"index, follow, max-snippet:-1, max-image-preview:large, max-video-preview:-1\" \/>\n<link rel=\"canonical\" href=\"https:\/\/elevage-boisblancval.com\/boutique\/product\/croquette-chien-optimal-condition-light-greenheart-premiums-15-kg\/\" \/>\n<meta property=\"og:locale\" content=\"fr_FR\" \/>\n<meta property=\"og:type\" content=\"article\" \/>\n<meta property=\"og:title\" content=\"CROQUETTE CHIEN OPTIMAL CONDITION LIGHT - GREENHEART PREMIUMS 12 kg - Boutique Elevage Bois Blanc Val\" \/>\n<meta property=\"og:description\" content=\"Greenheart Premiums\u00a0Optimal Condition Light - Aliment complet pour chien.  Croquettes Optimal Condition Light adapt\u00e9es aux chiens de toutes races en surcharge pond\u00e9rale. Sans c\u00e9r\u00e9ales, hypoallerg\u00e9niques, et faibles mati\u00e8res grasses. Une seule source de prot\u00e9ine animale de canard et seulement 8,5% de mati\u00e8res grasses pour une faible valeur \u00e9nerg\u00e9tique.     Aliment hypoallerg\u00e9nique\u00a0complet pour le chien ayant des probl\u00e8mes d\u2019allergies\u00a0avec des tendances de surpoids ou pr\u00e9sentant un exc\u00e8s de poids. Ce produit convient \u00e9galement pour les chiens pr\u00e9sentant des troubles de la peau ou des troubles gastro-intestinaux, ou aux chiens st\u00e9rilis\u00e9s.  Greenheart Optimal Condition Light est un aliment sp\u00e9cifique et sain. La recette est sans gluten, et la source de prot\u00e9ines est hypoallerg\u00e9nique : une seule source de prot\u00e9ines animales : le canard 54.7%. Ceci contribue \u00e0 la r\u00e9solution de certains probl\u00e8mes de peau et probl\u00e8mes gastro-intestinaux.  Greenheart Optimal Condition Light a une faible teneur en \u00e9nergie avec 8,5% de mati\u00e8res grasses, dont un pourcentage provient essentiellement des acides gras insatur\u00e9s, en combinaison avec L- carnitine cela permet\u00a0d&#039;enlever la graisse dans le c\u0153ur\u00a0et par cons\u00e9quent, de r\u00e9duire le risque d&#039;insuffisance cardiaque.  Greenheart Optimal Condition Light est riche en plusieurs acides gras insatur\u00e9s (om\u00e9ga 3 et om\u00e9ga 6). Plusieurs acides gras insatur\u00e9s om\u00e9ga 3 ont \u00e9t\u00e9 sp\u00e9cialement s\u00e9lectionn\u00e9s \u00e0 partir de sources sp\u00e9ciales telles que l&#039;huile de saumon et la graine de lin. La graine de lin am\u00e9liore la digestion, tandis que l\u2019huile de saumon rend le poil et le pelage brillant.\u00a0Certaines de ces graisses r\u00e9duisent le risque de cancer (extrait de romarin) et aussi les vitamines E qui contrecarrent la formation de radicaux libres et les dommages caus\u00e9s par le processus d&#039;oxydation.     Greenheart-Premiums travaille depuis 1997 pour une alimentation animale innovante, abordable et de haute qualit\u00e9, sans adjonction chimique d\u2019ar\u00f4mes ou de colorants, et avec des antioxydants naturels.\" \/>\n<meta property=\"og:url\" content=\"https:\/\/elevage-boisblancval.com\/boutique\/product\/croquette-chien-optimal-condition-light-greenheart-premiums-15-kg\/\" \/>\n<meta property=\"og:site_name\" content=\"Boutique Elevage Bois Blanc Val\" \/>\n<meta property=\"article:modified_time\" content=\"2025-10-01T09:29:28+00:00\" \/>\n<meta property=\"og:image\" content=\"https:\/\/elevage-boisblancval.com\/boutique\/wp-content\/uploads\/2019\/11\/optimal-condition-light-greenheart-premiums.jpg\" \/>\n\t<meta property=\"og:image:width\" content=\"675\" \/>\n\t<meta property=\"og:image:height\" content=\"1000\" \/>\n\t<meta property=\"og:image:type\" content=\"image\/jpeg\" \/>\n<meta name=\"twitter:card\" content=\"summary_large_image\" \/>\n<meta name=\"twitter:label1\" content=\"Dur\u00e9e de lecture estim\u00e9e\" \/>\n\t<meta name=\"twitter:data1\" content=\"1 minute\" \/>\n<script type=\"application\/ld+json\" class=\"yoast-schema-graph\">{\"@context\":\"https:\/\/schema.org\",\"@graph\":[{\"@type\":\"WebPage\",\"@id\":\"https:\/\/elevage-boisblancval.com\/boutique\/product\/croquette-chien-optimal-condition-light-greenheart-premiums-15-kg\/\",\"url\":\"https:\/\/elevage-boisblancval.com\/boutique\/product\/croquette-chien-optimal-condition-light-greenheart-premiums-15-kg\/\",\"name\":\"CROQUETTE CHIEN OPTIMAL CONDITION LIGHT - GREENHEART PREMIUMS 12 kg - Boutique Elevage Bois Blanc Val\",\"isPartOf\":{\"@id\":\"https:\/\/elevage-boisblancval.com\/boutique\/#website\"},\"datePublished\":\"2019-11-06T15:24:20+00:00\",\"dateModified\":\"2025-10-01T09:29:28+00:00\",\"breadcrumb\":{\"@id\":\"https:\/\/elevage-boisblancval.com\/boutique\/product\/croquette-chien-optimal-condition-light-greenheart-premiums-15-kg\/#breadcrumb\"},\"inLanguage\":\"fr-FR\",\"potentialAction\":[{\"@type\":\"ReadAction\",\"target\":[\"https:\/\/elevage-boisblancval.com\/boutique\/product\/croquette-chien-optimal-condition-light-greenheart-premiums-15-kg\/\"]}]},{\"@type\":\"BreadcrumbList\",\"@id\":\"https:\/\/elevage-boisblancval.com\/boutique\/product\/croquette-chien-optimal-condition-light-greenheart-premiums-15-kg\/#breadcrumb\",\"itemListElement\":[{\"@type\":\"ListItem\",\"position\":1,\"name\":\"Accueil\",\"item\":\"https:\/\/elevage-boisblancval.com\/boutique\/\"},{\"@type\":\"ListItem\",\"position\":2,\"name\":\"Boutique\",\"item\":\"https:\/\/elevage-boisblancval.com\/boutique\/shop\/\"},{\"@type\":\"ListItem\",\"position\":3,\"name\":\"CROQUETTE CHIEN OPTIMAL CONDITION LIGHT &#8211; GREENHEART PREMIUMS 12 kg\"}]},{\"@type\":\"WebSite\",\"@id\":\"https:\/\/elevage-boisblancval.com\/boutique\/#website\",\"url\":\"https:\/\/elevage-boisblancval.com\/boutique\/\",\"name\":\"Boutique Elevage Bois Blanc Val\",\"description\":\"\",\"potentialAction\":[{\"@type\":\"SearchAction\",\"target\":{\"@type\":\"EntryPoint\",\"urlTemplate\":\"https:\/\/elevage-boisblancval.com\/boutique\/?s={search_term_string}\"},\"query-input\":\"required name=search_term_string\"}],\"inLanguage\":\"fr-FR\"}]}<\/script>\n<!-- \/ Yoast SEO plugin. -->","yoast_head_json":{"title":"CROQUETTE CHIEN OPTIMAL CONDITION LIGHT - GREENHEART PREMIUMS 12 kg - Boutique Elevage Bois Blanc Val","robots":{"index":"index","follow":"follow","max-snippet":"max-snippet:-1","max-image-preview":"max-image-preview:large","max-video-preview":"max-video-preview:-1"},"canonical":"https:\/\/elevage-boisblancval.com\/boutique\/product\/croquette-chien-optimal-condition-light-greenheart-premiums-15-kg\/","og_locale":"fr_FR","og_type":"article","og_title":"CROQUETTE CHIEN OPTIMAL CONDITION LIGHT - GREENHEART PREMIUMS 12 kg - Boutique Elevage Bois Blanc Val","og_description":"Greenheart Premiums\u00a0Optimal Condition Light - Aliment complet pour chien.  Croquettes Optimal Condition Light adapt\u00e9es aux chiens de toutes races en surcharge pond\u00e9rale. Sans c\u00e9r\u00e9ales, hypoallerg\u00e9niques, et faibles mati\u00e8res grasses. Une seule source de prot\u00e9ine animale de canard et seulement 8,5% de mati\u00e8res grasses pour une faible valeur \u00e9nerg\u00e9tique.     Aliment hypoallerg\u00e9nique\u00a0complet pour le chien ayant des probl\u00e8mes d\u2019allergies\u00a0avec des tendances de surpoids ou pr\u00e9sentant un exc\u00e8s de poids. Ce produit convient \u00e9galement pour les chiens pr\u00e9sentant des troubles de la peau ou des troubles gastro-intestinaux, ou aux chiens st\u00e9rilis\u00e9s.  Greenheart Optimal Condition Light est un aliment sp\u00e9cifique et sain. La recette est sans gluten, et la source de prot\u00e9ines est hypoallerg\u00e9nique : une seule source de prot\u00e9ines animales : le canard 54.7%. Ceci contribue \u00e0 la r\u00e9solution de certains probl\u00e8mes de peau et probl\u00e8mes gastro-intestinaux.  Greenheart Optimal Condition Light a une faible teneur en \u00e9nergie avec 8,5% de mati\u00e8res grasses, dont un pourcentage provient essentiellement des acides gras insatur\u00e9s, en combinaison avec L- carnitine cela permet\u00a0d'enlever la graisse dans le c\u0153ur\u00a0et par cons\u00e9quent, de r\u00e9duire le risque d'insuffisance cardiaque.  Greenheart Optimal Condition Light est riche en plusieurs acides gras insatur\u00e9s (om\u00e9ga 3 et om\u00e9ga 6). Plusieurs acides gras insatur\u00e9s om\u00e9ga 3 ont \u00e9t\u00e9 sp\u00e9cialement s\u00e9lectionn\u00e9s \u00e0 partir de sources sp\u00e9ciales telles que l'huile de saumon et la graine de lin. La graine de lin am\u00e9liore la digestion, tandis que l\u2019huile de saumon rend le poil et le pelage brillant.\u00a0Certaines de ces graisses r\u00e9duisent le risque de cancer (extrait de romarin) et aussi les vitamines E qui contrecarrent la formation de radicaux libres et les dommages caus\u00e9s par le processus d'oxydation.     Greenheart-Premiums travaille depuis 1997 pour une alimentation animale innovante, abordable et de haute qualit\u00e9, sans adjonction chimique d\u2019ar\u00f4mes ou de colorants, et avec des antioxydants naturels.","og_url":"https:\/\/elevage-boisblancval.com\/boutique\/product\/croquette-chien-optimal-condition-light-greenheart-premiums-15-kg\/","og_site_name":"Boutique Elevage Bois Blanc Val","article_modified_time":"2025-10-01T09:29:28+00:00","og_image":[{"width":675,"height":1000,"url":"https:\/\/elevage-boisblancval.com\/boutique\/wp-content\/uploads\/2019\/11\/optimal-condition-light-greenheart-premiums.jpg","type":"image\/jpeg"}],"twitter_card":"summary_large_image","twitter_misc":{"Dur\u00e9e de lecture estim\u00e9e":"1 minute"},"schema":{"@context":"https:\/\/schema.org","@graph":[{"@type":"WebPage","@id":"https:\/\/elevage-boisblancval.com\/boutique\/product\/croquette-chien-optimal-condition-light-greenheart-premiums-15-kg\/","url":"https:\/\/elevage-boisblancval.com\/boutique\/product\/croquette-chien-optimal-condition-light-greenheart-premiums-15-kg\/","name":"CROQUETTE CHIEN OPTIMAL CONDITION LIGHT - GREENHEART PREMIUMS 12 kg - Boutique Elevage Bois Blanc Val","isPartOf":{"@id":"https:\/\/elevage-boisblancval.com\/boutique\/#website"},"datePublished":"2019-11-06T15:24:20+00:00","dateModified":"2025-10-01T09:29:28+00:00","breadcrumb":{"@id":"https:\/\/elevage-boisblancval.com\/boutique\/product\/croquette-chien-optimal-condition-light-greenheart-premiums-15-kg\/#breadcrumb"},"inLanguage":"fr-FR","potentialAction":[{"@type":"ReadAction","target":["https:\/\/elevage-boisblancval.com\/boutique\/product\/croquette-chien-optimal-condition-light-greenheart-premiums-15-kg\/"]}]},{"@type":"BreadcrumbList","@id":"https:\/\/elevage-boisblancval.com\/boutique\/product\/croquette-chien-optimal-condition-light-greenheart-premiums-15-kg\/#breadcrumb","itemListElement":[{"@type":"ListItem","position":1,"name":"Accueil","item":"https:\/\/elevage-boisblancval.com\/boutique\/"},{"@type":"ListItem","position":2,"name":"Boutique","item":"https:\/\/elevage-boisblancval.com\/boutique\/shop\/"},{"@type":"ListItem","position":3,"name":"CROQUETTE CHIEN OPTIMAL CONDITION LIGHT &#8211; GREENHEART PREMIUMS 12 kg"}]},{"@type":"WebSite","@id":"https:\/\/elevage-boisblancval.com\/boutique\/#website","url":"https:\/\/elevage-boisblancval.com\/boutique\/","name":"Boutique Elevage Bois Blanc Val","description":"","potentialAction":[{"@type":"SearchAction","target":{"@type":"EntryPoint","urlTemplate":"https:\/\/elevage-boisblancval.com\/boutique\/?s={search_term_string}"},"query-input":"required name=search_term_string"}],"inLanguage":"fr-FR"}]}},"_links":{"self":[{"href":"https:\/\/elevage-boisblancval.com\/boutique\/wp-json\/wp\/v2\/product\/1735"}],"collection":[{"href":"https:\/\/elevage-boisblancval.com\/boutique\/wp-json\/wp\/v2\/product"}],"about":[{"href":"https:\/\/elevage-boisblancval.com\/boutique\/wp-json\/wp\/v2\/types\/product"}],"replies":[{"embeddable":true,"href":"https:\/\/elevage-boisblancval.com\/boutique\/wp-json\/wp\/v2\/comments?post=1735"}],"wp:featuredmedia":[{"embeddable":true,"href":"https:\/\/elevage-boisblancval.com\/boutique\/wp-json\/wp\/v2\/media\/1736"}],"wp:attachment":[{"href":"https:\/\/elevage-boisblancval.com\/boutique\/wp-json\/wp\/v2\/media?parent=1735"}],"wp:term":[{"taxonomy":"product_cat","embeddable":true,"href":"https:\/\/elevage-boisblancval.com\/boutique\/wp-json\/wp\/v2\/product_cat?post=1735"},{"taxonomy":"product_tag","embeddable":true,"href":"https:\/\/elevage-boisblancval.com\/boutique\/wp-json\/wp\/v2\/product_tag?post=1735"}],"curies":[{"name":"wp","href":"https:\/\/api.w.org\/{rel}","templated":true}]}}