{"id":1030,"date":"2019-03-27T15:24:39","date_gmt":"2019-03-27T15:24:39","guid":{"rendered":"https:\/\/thibautsilva.com\/test\/product\/import-placeholder-for-41\/"},"modified":"2026-04-21T17:34:45","modified_gmt":"2026-04-21T17:34:45","slug":"croquette-chien-medium-energy-greenheart-premiums","status":"publish","type":"product","link":"https:\/\/elevage-boisblancval.com\/boutique\/product\/croquette-chien-medium-energy-greenheart-premiums\/","title":{"rendered":"CROQUETTE CHIEN SPORTLINE CLASSIC &#8211; GREENHEART PREMIUMS 12 KG"},"content":{"rendered":"<p>Ingr\u00e9dients et composition\u00a0:<\/p>\n<p><strong>Composition<\/strong>\u00a0<strong>:<\/strong>\u00a0Volaille 40%, extrait de prot\u00e9ines animales 19%, avoines, riz, prot\u00e9ines animales en poudre, graisse animale (volaille, b\u0153uf), ma\u00efs, betterave, pomme de terre, graines de lin, min\u00e9raux, foie de poulet hydrolys\u00e9, pomme, huile de saumon<\/p>\n<p><strong>Donn\u00e9es analytiques :\u00a0<\/strong>Prot\u00e9ines brutes 28,5%, Lipides brutes 20,8%, Celluloses brutes 3,5%, Cendres brutes 6,5%, Calcium (Ca) 1,2%, Phosphore (P) 1%, Sodium (Na) 3,1g\/kg,\u00a0Magn\u00e9sium (Mg) 1g\/kg, Potassium (K) 6,6g\/kg, Humidit\u00e9 10%<\/p>\n<p><strong>Additifs :<\/strong>\u00a0Vit.A 14000 IU\/kg,Vit. D3 1406 IU\/kg, Vit.E 93,8mg\/kg, Vit.K3 1,5 mg\/kg, Vit.B1 6,8mg\/kg, Vit.B2 10mg\/kg, Niacine 42,2mg\/kg, Pantoth\u00e9nate de calcium 18,8mg\/kg, Vit.B6 3,8mg\/kg, Vit.B12 56\u00b5g\/kg, Biotine 375\u00b5g\/kg, Choline 757 mg\/kg, Acide folique 0,9mg\/kg, Vit.C 19mg\/kg, Fer (Fe) 71,3mg\/kg, Mangan\u00e9se (Mn) 26mg\/kg, Cuivre (Cu) 12,5mg\/kg, Zinc (Zn) 125mg\/kg, Iode (I) 0,9mg\/kg, S\u00e9l\u00e9nium (Se) 0,2mg\/kg, L-Carnitine 0 mg\/kg, Huile de saumon 1%, Huile de bourrache 0%<\/p>\n<p><strong>Acides\u00a0Amin\u00e9s essentiels :<\/strong>\u00a0Lysine 13,7g\/kg, M\u00e9thionine 4,8g\/kg, Fenylalanine 8g\/kg, Isoleucine 7,8g\/kg, Cystine 3,1g\/kg, Tr\u00e9onine 9g\/kg, Tryptophane 2,4g\/kg, Histidine 4,7g\/kg, Leucine 15,9g\/kg, Valine 11,3g\/kg, Tyrosine 5,3g\/kg, Taurine 0,6g\/kg, Arginine 15,7g\/kg, Acide linol\u00e9ique N6 28,3g\/kg, Acide linol\u00e9nique 5,2g\/kg, Alpha-linol\u00e9nique acid n-3 5,2g\/kg, Gamma-linol\u00e9nique acid n-6 0g\/kg, L\u2019acide ara-chidonique n-6 0,5g\/kg, EPA n-3 1g\/kg, DHA n-3 1g\/kg, Autres glucides 30,7g\/kg, Fraction de prot\u00e9ine 27,8g\/kg, Valeurs \u00e9nerg\u00e9tiques 4155Kcal\/kg<\/p>\n","protected":false},"excerpt":{"rendered":"<p>Greenheart Premiums\u00a0Sportline Classic &#8211; Aliment complet pour chien.<\/p>\n<p>Croquettes Greenheart Premiums Sportline Classic sp\u00e9cialement adapt\u00e9es pour les chiens de toutes races\u00a0 sportifs.<\/p>\n<div class=\"page\" title=\"Page 6\">\n<div class=\"layoutArea\">\n<div class=\"column\">\n<p>Depuis 1997 Greenheart Sportline Classic\u00a0 est un grand succ\u00e8s en tant que nourriture recommand\u00e9e pour les chiens sportifs. Les chiens sportifs ont besoin d&#8217;une plus grande quantit\u00e9 de prot\u00e9ines et de graisses et c\u2019est pourquoi ce produit convient parfaitement.<\/p>\n<p>Cet aliment complet convient \u00e9galement pour les femelles en gestation, \u00e0 partir de 6 semaines, car elles ont besoin d\u2019avoir plus d\u2019\u00e9nergie pour pouvoir nourrir les futurs chiots.<\/p>\n<p>Pour finir, ce produit est adapt\u00e9 aux chiens avec peu d&#8217;app\u00e9tit. M\u00eame en plus petite quantit\u00e9, cet aliment couvre les besoins quotidiens.<\/p>\n<\/div>\n<\/div>\n<\/div>\n<p>Greenheart-Premiums travaille depuis 1997 pour une alimentation animale innovante, abordable et de haute qualit\u00e9, sans adjonction chimique d\u2019ar\u00f4mes ou de colorants, et avec des antioxydants naturels.<\/p>\n<p>Greenheart Premiums est sp\u00e9cialis\u00e9 dans l&#8217;alimentation pour le sport de haut niveau. En 2017, durant le Championnat\u00a0d&#8217;Europe de chiens de tra\u00eeneaux, les produits Greenheart Premiums ont remport\u00e9 le premier prix de la marque la plus utilis\u00e9e parmi les gagnants.<\/p>\n","protected":false},"featured_media":1683,"comment_status":"closed","ping_status":"closed","template":"","meta":{"_acf_changed":false},"product_cat":[37],"product_tag":[],"acf":[],"yoast_head":"<!-- This site is optimized with the Yoast SEO plugin v21.3 - https:\/\/yoast.com\/wordpress\/plugins\/seo\/ -->\n<title>CROQUETTE CHIEN SPORTLINE CLASSIC - GREENHEART PREMIUMS 12 KG - Boutique Elevage Bois Blanc Val<\/title>\n<meta name=\"robots\" content=\"index, follow, max-snippet:-1, max-image-preview:large, max-video-preview:-1\" \/>\n<link rel=\"canonical\" href=\"https:\/\/elevage-boisblancval.com\/boutique\/product\/croquette-chien-medium-energy-greenheart-premiums\/\" \/>\n<meta property=\"og:locale\" content=\"fr_FR\" \/>\n<meta property=\"og:type\" content=\"article\" \/>\n<meta property=\"og:title\" content=\"CROQUETTE CHIEN SPORTLINE CLASSIC - GREENHEART PREMIUMS 12 KG - Boutique Elevage Bois Blanc Val\" \/>\n<meta property=\"og:description\" content=\"Greenheart Premiums\u00a0Sportline Classic - Aliment complet pour chien.  Croquettes Greenheart Premiums Sportline Classic sp\u00e9cialement adapt\u00e9es pour les chiens de toutes races\u00a0 sportifs.     Depuis 1997 Greenheart Sportline Classic\u00a0 est un grand succ\u00e8s en tant que nourriture recommand\u00e9e pour les chiens sportifs. Les chiens sportifs ont besoin d&#039;une plus grande quantit\u00e9 de prot\u00e9ines et de graisses et c\u2019est pourquoi ce produit convient parfaitement.  Cet aliment complet convient \u00e9galement pour les femelles en gestation, \u00e0 partir de 6 semaines, car elles ont besoin d\u2019avoir plus d\u2019\u00e9nergie pour pouvoir nourrir les futurs chiots.  Pour finir, ce produit est adapt\u00e9 aux chiens avec peu d&#039;app\u00e9tit. M\u00eame en plus petite quantit\u00e9, cet aliment couvre les besoins quotidiens.     Greenheart-Premiums travaille depuis 1997 pour une alimentation animale innovante, abordable et de haute qualit\u00e9, sans adjonction chimique d\u2019ar\u00f4mes ou de colorants, et avec des antioxydants naturels.  Greenheart Premiums est sp\u00e9cialis\u00e9 dans l&#039;alimentation pour le sport de haut niveau. En 2017, durant le Championnat\u00a0d&#039;Europe de chiens de tra\u00eeneaux, les produits Greenheart Premiums ont remport\u00e9 le premier prix de la marque la plus utilis\u00e9e parmi les gagnants.\" \/>\n<meta property=\"og:url\" content=\"https:\/\/elevage-boisblancval.com\/boutique\/product\/croquette-chien-medium-energy-greenheart-premiums\/\" \/>\n<meta property=\"og:site_name\" content=\"Boutique Elevage Bois Blanc Val\" \/>\n<meta property=\"article:modified_time\" content=\"2026-04-21T17:34:45+00:00\" \/>\n<meta property=\"og:image\" content=\"https:\/\/elevage-boisblancval.com\/boutique\/wp-content\/uploads\/2019\/03\/sportline-classic-greenheart-premiums.jpg\" \/>\n\t<meta property=\"og:image:width\" content=\"750\" \/>\n\t<meta property=\"og:image:height\" content=\"1100\" \/>\n\t<meta property=\"og:image:type\" content=\"image\/jpeg\" \/>\n<meta name=\"twitter:card\" content=\"summary_large_image\" \/>\n<meta name=\"twitter:label1\" content=\"Dur\u00e9e de lecture estim\u00e9e\" \/>\n\t<meta name=\"twitter:data1\" content=\"2 minutes\" \/>\n<script type=\"application\/ld+json\" class=\"yoast-schema-graph\">{\"@context\":\"https:\/\/schema.org\",\"@graph\":[{\"@type\":\"WebPage\",\"@id\":\"https:\/\/elevage-boisblancval.com\/boutique\/product\/croquette-chien-medium-energy-greenheart-premiums\/\",\"url\":\"https:\/\/elevage-boisblancval.com\/boutique\/product\/croquette-chien-medium-energy-greenheart-premiums\/\",\"name\":\"CROQUETTE CHIEN SPORTLINE CLASSIC - GREENHEART PREMIUMS 12 KG - Boutique Elevage Bois Blanc Val\",\"isPartOf\":{\"@id\":\"https:\/\/elevage-boisblancval.com\/boutique\/#website\"},\"datePublished\":\"2019-03-27T15:24:39+00:00\",\"dateModified\":\"2026-04-21T17:34:45+00:00\",\"breadcrumb\":{\"@id\":\"https:\/\/elevage-boisblancval.com\/boutique\/product\/croquette-chien-medium-energy-greenheart-premiums\/#breadcrumb\"},\"inLanguage\":\"fr-FR\",\"potentialAction\":[{\"@type\":\"ReadAction\",\"target\":[\"https:\/\/elevage-boisblancval.com\/boutique\/product\/croquette-chien-medium-energy-greenheart-premiums\/\"]}]},{\"@type\":\"BreadcrumbList\",\"@id\":\"https:\/\/elevage-boisblancval.com\/boutique\/product\/croquette-chien-medium-energy-greenheart-premiums\/#breadcrumb\",\"itemListElement\":[{\"@type\":\"ListItem\",\"position\":1,\"name\":\"Accueil\",\"item\":\"https:\/\/elevage-boisblancval.com\/boutique\/\"},{\"@type\":\"ListItem\",\"position\":2,\"name\":\"Boutique\",\"item\":\"https:\/\/elevage-boisblancval.com\/boutique\/shop\/\"},{\"@type\":\"ListItem\",\"position\":3,\"name\":\"CROQUETTE CHIEN SPORTLINE CLASSIC &#8211; GREENHEART PREMIUMS 12 KG\"}]},{\"@type\":\"WebSite\",\"@id\":\"https:\/\/elevage-boisblancval.com\/boutique\/#website\",\"url\":\"https:\/\/elevage-boisblancval.com\/boutique\/\",\"name\":\"Boutique Elevage Bois Blanc Val\",\"description\":\"\",\"potentialAction\":[{\"@type\":\"SearchAction\",\"target\":{\"@type\":\"EntryPoint\",\"urlTemplate\":\"https:\/\/elevage-boisblancval.com\/boutique\/?s={search_term_string}\"},\"query-input\":\"required name=search_term_string\"}],\"inLanguage\":\"fr-FR\"}]}<\/script>\n<!-- \/ Yoast SEO plugin. -->","yoast_head_json":{"title":"CROQUETTE CHIEN SPORTLINE CLASSIC - GREENHEART PREMIUMS 12 KG - Boutique Elevage Bois Blanc Val","robots":{"index":"index","follow":"follow","max-snippet":"max-snippet:-1","max-image-preview":"max-image-preview:large","max-video-preview":"max-video-preview:-1"},"canonical":"https:\/\/elevage-boisblancval.com\/boutique\/product\/croquette-chien-medium-energy-greenheart-premiums\/","og_locale":"fr_FR","og_type":"article","og_title":"CROQUETTE CHIEN SPORTLINE CLASSIC - GREENHEART PREMIUMS 12 KG - Boutique Elevage Bois Blanc Val","og_description":"Greenheart Premiums\u00a0Sportline Classic - Aliment complet pour chien.  Croquettes Greenheart Premiums Sportline Classic sp\u00e9cialement adapt\u00e9es pour les chiens de toutes races\u00a0 sportifs.     Depuis 1997 Greenheart Sportline Classic\u00a0 est un grand succ\u00e8s en tant que nourriture recommand\u00e9e pour les chiens sportifs. Les chiens sportifs ont besoin d'une plus grande quantit\u00e9 de prot\u00e9ines et de graisses et c\u2019est pourquoi ce produit convient parfaitement.  Cet aliment complet convient \u00e9galement pour les femelles en gestation, \u00e0 partir de 6 semaines, car elles ont besoin d\u2019avoir plus d\u2019\u00e9nergie pour pouvoir nourrir les futurs chiots.  Pour finir, ce produit est adapt\u00e9 aux chiens avec peu d'app\u00e9tit. M\u00eame en plus petite quantit\u00e9, cet aliment couvre les besoins quotidiens.     Greenheart-Premiums travaille depuis 1997 pour une alimentation animale innovante, abordable et de haute qualit\u00e9, sans adjonction chimique d\u2019ar\u00f4mes ou de colorants, et avec des antioxydants naturels.  Greenheart Premiums est sp\u00e9cialis\u00e9 dans l'alimentation pour le sport de haut niveau. En 2017, durant le Championnat\u00a0d'Europe de chiens de tra\u00eeneaux, les produits Greenheart Premiums ont remport\u00e9 le premier prix de la marque la plus utilis\u00e9e parmi les gagnants.","og_url":"https:\/\/elevage-boisblancval.com\/boutique\/product\/croquette-chien-medium-energy-greenheart-premiums\/","og_site_name":"Boutique Elevage Bois Blanc Val","article_modified_time":"2026-04-21T17:34:45+00:00","og_image":[{"width":750,"height":1100,"url":"https:\/\/elevage-boisblancval.com\/boutique\/wp-content\/uploads\/2019\/03\/sportline-classic-greenheart-premiums.jpg","type":"image\/jpeg"}],"twitter_card":"summary_large_image","twitter_misc":{"Dur\u00e9e de lecture estim\u00e9e":"2 minutes"},"schema":{"@context":"https:\/\/schema.org","@graph":[{"@type":"WebPage","@id":"https:\/\/elevage-boisblancval.com\/boutique\/product\/croquette-chien-medium-energy-greenheart-premiums\/","url":"https:\/\/elevage-boisblancval.com\/boutique\/product\/croquette-chien-medium-energy-greenheart-premiums\/","name":"CROQUETTE CHIEN SPORTLINE CLASSIC - GREENHEART PREMIUMS 12 KG - Boutique Elevage Bois Blanc Val","isPartOf":{"@id":"https:\/\/elevage-boisblancval.com\/boutique\/#website"},"datePublished":"2019-03-27T15:24:39+00:00","dateModified":"2026-04-21T17:34:45+00:00","breadcrumb":{"@id":"https:\/\/elevage-boisblancval.com\/boutique\/product\/croquette-chien-medium-energy-greenheart-premiums\/#breadcrumb"},"inLanguage":"fr-FR","potentialAction":[{"@type":"ReadAction","target":["https:\/\/elevage-boisblancval.com\/boutique\/product\/croquette-chien-medium-energy-greenheart-premiums\/"]}]},{"@type":"BreadcrumbList","@id":"https:\/\/elevage-boisblancval.com\/boutique\/product\/croquette-chien-medium-energy-greenheart-premiums\/#breadcrumb","itemListElement":[{"@type":"ListItem","position":1,"name":"Accueil","item":"https:\/\/elevage-boisblancval.com\/boutique\/"},{"@type":"ListItem","position":2,"name":"Boutique","item":"https:\/\/elevage-boisblancval.com\/boutique\/shop\/"},{"@type":"ListItem","position":3,"name":"CROQUETTE CHIEN SPORTLINE CLASSIC &#8211; GREENHEART PREMIUMS 12 KG"}]},{"@type":"WebSite","@id":"https:\/\/elevage-boisblancval.com\/boutique\/#website","url":"https:\/\/elevage-boisblancval.com\/boutique\/","name":"Boutique Elevage Bois Blanc Val","description":"","potentialAction":[{"@type":"SearchAction","target":{"@type":"EntryPoint","urlTemplate":"https:\/\/elevage-boisblancval.com\/boutique\/?s={search_term_string}"},"query-input":"required name=search_term_string"}],"inLanguage":"fr-FR"}]}},"_links":{"self":[{"href":"https:\/\/elevage-boisblancval.com\/boutique\/wp-json\/wp\/v2\/product\/1030"}],"collection":[{"href":"https:\/\/elevage-boisblancval.com\/boutique\/wp-json\/wp\/v2\/product"}],"about":[{"href":"https:\/\/elevage-boisblancval.com\/boutique\/wp-json\/wp\/v2\/types\/product"}],"replies":[{"embeddable":true,"href":"https:\/\/elevage-boisblancval.com\/boutique\/wp-json\/wp\/v2\/comments?post=1030"}],"wp:featuredmedia":[{"embeddable":true,"href":"https:\/\/elevage-boisblancval.com\/boutique\/wp-json\/wp\/v2\/media\/1683"}],"wp:attachment":[{"href":"https:\/\/elevage-boisblancval.com\/boutique\/wp-json\/wp\/v2\/media?parent=1030"}],"wp:term":[{"taxonomy":"product_cat","embeddable":true,"href":"https:\/\/elevage-boisblancval.com\/boutique\/wp-json\/wp\/v2\/product_cat?post=1030"},{"taxonomy":"product_tag","embeddable":true,"href":"https:\/\/elevage-boisblancval.com\/boutique\/wp-json\/wp\/v2\/product_tag?post=1030"}],"curies":[{"name":"wp","href":"https:\/\/api.w.org\/{rel}","templated":true}]}}