{"id":1027,"date":"2019-03-27T15:24:38","date_gmt":"2019-03-27T15:24:38","guid":{"rendered":"https:\/\/thibautsilva.com\/test\/product\/import-placeholder-for-38\/"},"modified":"2025-10-01T09:45:30","modified_gmt":"2025-10-01T09:45:30","slug":"croquette-chiot-greenheart-premiums","status":"publish","type":"product","link":"https:\/\/elevage-boisblancval.com\/boutique\/product\/croquette-chiot-greenheart-premiums\/","title":{"rendered":"CROQUETTE CHIOT &#8211; GREENHEART PREMIUMS &#8211; 12kg"},"content":{"rendered":"<p>Ingr\u00e9dients et composition\u00a0:<\/p>\n<p><strong>COMPOSITION\u00a0:<\/strong><\/p>\n<p>41 % poulet, 19% poisson, riz, pomme de terre, graisse de poulet, oeuf,<\/p>\n<p>pomme, pois, betteraves, caroube, huile de saumon, levure, l\u00e9cithine, foie de poulet.<\/p>\n<p><strong>DONNEES ANALYTIQUES\u00a0:<\/strong><\/p>\n<p>Prot\u00e9ines brutes 27%, Lipides brutes 18%, Celluloses brutes 3%, Cendres brutes 6,4%, Calcium (Ca) 1,2%, Phosphore (P) 0,8%, Sodium (Na) 3,7g\/kg, Magn\u00e9sium (Mg) 0,98g\/kg, Potassium (K) 7g\/kg, Humidit\u00e9 10%<\/p>\n<p>Autres glucides 35,6g\/kg, Fraction de prot\u00e9ine 27, Valeurs \u00e9nerg\u00e9tiques 4035Kcal\/kg<\/p>\n<p><strong>ADDITIFS:<\/strong><\/p>\n<p>Vit.A 15187 IU\/kg,Vit. D3 1518 IU\/kg, Vit.E 200mg\/kg, Vit.K3 1,6mg\/kg, Vit.B1 7,2mg\/kg, Vit.B2 10mg\/kg, Niacine 45mg\/kg, Pantoth\u00e9nate de calcium 20g\/kg, Vit.B6 4mg\/kg, Vit.B12 60 \u00b5g\/kg, Biotine 400\u00b5g\/kg, Choline 818mg\/kg, Acide folique 1mg\/kg, Vit.C 20mg\/kg, Fer (Fe) 76mg\/kg, Mangan\u00e9se (Mn) 27,6mg\/kg, Cuivre (Cu) 12,5mg\/kg, Zinc (Zn) 135mg\/kg, Iode (I) 1,3mg\/kg, S\u00e9l\u00e9nium (Se) 0,2mg\/kg, L-Carnitine 0 mg\/kg, Huile de saumon 2,8%, Huile de bourrache 0%<\/p>\n<p><strong>ACIDES AMINES ESSENTIELS\u00a0:<\/strong><\/p>\n<p>Lysine 16,5g\/kg, M\u00e9thionine 5,6g\/kg, Fenylalanine 9,9g\/kg, Isoleucine 9,8g\/kg, Cystine 3,1g\/kg, Tr\u00e9onine 10,3g\/kg, Tryptophane 2,6g\/kg, Histidine 5,5g\/kg, Leucine 17,4g\/kg, Valine 12,4g\/kg, Tyrosine 7,2 g\/kg, Taurine 0,78g\/kg, Arginine 16,3g\/kg, Acide linol\u00e9ique N6 28g\/kg, Acide linol\u00e9nique 3g\/kg, Alpha-linol\u00e9nique acid n-3\u00a0:3g\/kg, Gamma-linol\u00e9nique acid n-6\u00a0:0g\/kg, L\u2019acide ara-chidonique n-6\u00a0:0,4g\/kg, EPA n-3\u00a0:2g\/kg, DHA n-3\u00a0:2g\/kg,<\/p>\n","protected":false},"excerpt":{"rendered":"<p><strong>DESCRIPTION\u00a0:<\/strong><\/p>\n<p>Produit id\u00e9al les jeunes chiens de races moyennes et grandes de 4 mois ou plus. Ce produit convient pour les chiots de grandes races en raison d\u2019une teneur en calcium \/ phosphore r\u00e9duite et sans gluten. Les chiens de moyenne et grande race grandissent vite, c\u2019est pourquoi la teneur en calcium est r\u00e9duite, pour une croissance \u00e9quilibr\u00e9e<\/p>\n<p>Ce produit est parfaitement adapt\u00e9 pour les chiens adultes de grandes races qui ont besoin d\u2019une nourriture riche en prot\u00e9ines. Avec sa forte teneur en poisson 19% riche en om\u00e9ga 3 et 6 et poulet 41% ce produit est recommand\u00e9 pour les diff\u00e9rentes races de chiens de travail, chiens actifs, chiens de chasse et chiens de garde.<\/p>\n<p>Ce produit est \u00e9galement recommand\u00e9 pour les chiennes en gestation, pour un apport en \u00e9nergie adapt\u00e9<\/p>\n","protected":false},"featured_media":1911,"comment_status":"closed","ping_status":"closed","template":"","meta":{"_acf_changed":false},"product_cat":[37],"product_tag":[],"acf":[],"yoast_head":"<!-- This site is optimized with the Yoast SEO plugin v21.3 - https:\/\/yoast.com\/wordpress\/plugins\/seo\/ -->\n<title>CROQUETTE CHIOT - GREENHEART PREMIUMS - 12kg - Boutique Elevage Bois Blanc Val<\/title>\n<meta name=\"robots\" content=\"index, follow, max-snippet:-1, max-image-preview:large, max-video-preview:-1\" \/>\n<link rel=\"canonical\" href=\"https:\/\/elevage-boisblancval.com\/boutique\/product\/croquette-chiot-greenheart-premiums\/\" \/>\n<meta property=\"og:locale\" content=\"fr_FR\" \/>\n<meta property=\"og:type\" content=\"article\" \/>\n<meta property=\"og:title\" content=\"CROQUETTE CHIOT - GREENHEART PREMIUMS - 12kg - Boutique Elevage Bois Blanc Val\" \/>\n<meta property=\"og:description\" content=\"DESCRIPTION\u00a0:  Produit id\u00e9al les jeunes chiens de races moyennes et grandes de 4 mois ou plus. Ce produit convient pour les chiots de grandes races en raison d\u2019une teneur en calcium \/ phosphore r\u00e9duite et sans gluten. Les chiens de moyenne et grande race grandissent vite, c\u2019est pourquoi la teneur en calcium est r\u00e9duite, pour une croissance \u00e9quilibr\u00e9e  Ce produit est parfaitement adapt\u00e9 pour les chiens adultes de grandes races qui ont besoin d\u2019une nourriture riche en prot\u00e9ines. Avec sa forte teneur en poisson 19% riche en om\u00e9ga 3 et 6 et poulet 41% ce produit est recommand\u00e9 pour les diff\u00e9rentes races de chiens de travail, chiens actifs, chiens de chasse et chiens de garde.  Ce produit est \u00e9galement recommand\u00e9 pour les chiennes en gestation, pour un apport en \u00e9nergie adapt\u00e9\" \/>\n<meta property=\"og:url\" content=\"https:\/\/elevage-boisblancval.com\/boutique\/product\/croquette-chiot-greenheart-premiums\/\" \/>\n<meta property=\"og:site_name\" content=\"Boutique Elevage Bois Blanc Val\" \/>\n<meta property=\"article:modified_time\" content=\"2025-10-01T09:45:30+00:00\" \/>\n<meta property=\"og:image\" content=\"https:\/\/elevage-boisblancval.com\/boutique\/wp-content\/uploads\/2019\/03\/Puppy-Medium-Large-Breeds-Copie.png\" \/>\n\t<meta property=\"og:image:width\" content=\"750\" \/>\n\t<meta property=\"og:image:height\" content=\"1100\" \/>\n\t<meta property=\"og:image:type\" content=\"image\/png\" \/>\n<meta name=\"twitter:card\" content=\"summary_large_image\" \/>\n<meta name=\"twitter:label1\" content=\"Dur\u00e9e de lecture estim\u00e9e\" \/>\n\t<meta name=\"twitter:data1\" content=\"1 minute\" \/>\n<script type=\"application\/ld+json\" class=\"yoast-schema-graph\">{\"@context\":\"https:\/\/schema.org\",\"@graph\":[{\"@type\":\"WebPage\",\"@id\":\"https:\/\/elevage-boisblancval.com\/boutique\/product\/croquette-chiot-greenheart-premiums\/\",\"url\":\"https:\/\/elevage-boisblancval.com\/boutique\/product\/croquette-chiot-greenheart-premiums\/\",\"name\":\"CROQUETTE CHIOT - GREENHEART PREMIUMS - 12kg - Boutique Elevage Bois Blanc Val\",\"isPartOf\":{\"@id\":\"https:\/\/elevage-boisblancval.com\/boutique\/#website\"},\"datePublished\":\"2019-03-27T15:24:38+00:00\",\"dateModified\":\"2025-10-01T09:45:30+00:00\",\"breadcrumb\":{\"@id\":\"https:\/\/elevage-boisblancval.com\/boutique\/product\/croquette-chiot-greenheart-premiums\/#breadcrumb\"},\"inLanguage\":\"fr-FR\",\"potentialAction\":[{\"@type\":\"ReadAction\",\"target\":[\"https:\/\/elevage-boisblancval.com\/boutique\/product\/croquette-chiot-greenheart-premiums\/\"]}]},{\"@type\":\"BreadcrumbList\",\"@id\":\"https:\/\/elevage-boisblancval.com\/boutique\/product\/croquette-chiot-greenheart-premiums\/#breadcrumb\",\"itemListElement\":[{\"@type\":\"ListItem\",\"position\":1,\"name\":\"Accueil\",\"item\":\"https:\/\/elevage-boisblancval.com\/boutique\/\"},{\"@type\":\"ListItem\",\"position\":2,\"name\":\"Boutique\",\"item\":\"https:\/\/elevage-boisblancval.com\/boutique\/shop\/\"},{\"@type\":\"ListItem\",\"position\":3,\"name\":\"CROQUETTE CHIOT &#8211; GREENHEART PREMIUMS &#8211; 12kg\"}]},{\"@type\":\"WebSite\",\"@id\":\"https:\/\/elevage-boisblancval.com\/boutique\/#website\",\"url\":\"https:\/\/elevage-boisblancval.com\/boutique\/\",\"name\":\"Boutique Elevage Bois Blanc Val\",\"description\":\"\",\"potentialAction\":[{\"@type\":\"SearchAction\",\"target\":{\"@type\":\"EntryPoint\",\"urlTemplate\":\"https:\/\/elevage-boisblancval.com\/boutique\/?s={search_term_string}\"},\"query-input\":\"required name=search_term_string\"}],\"inLanguage\":\"fr-FR\"}]}<\/script>\n<!-- \/ Yoast SEO plugin. -->","yoast_head_json":{"title":"CROQUETTE CHIOT - GREENHEART PREMIUMS - 12kg - Boutique Elevage Bois Blanc Val","robots":{"index":"index","follow":"follow","max-snippet":"max-snippet:-1","max-image-preview":"max-image-preview:large","max-video-preview":"max-video-preview:-1"},"canonical":"https:\/\/elevage-boisblancval.com\/boutique\/product\/croquette-chiot-greenheart-premiums\/","og_locale":"fr_FR","og_type":"article","og_title":"CROQUETTE CHIOT - GREENHEART PREMIUMS - 12kg - Boutique Elevage Bois Blanc Val","og_description":"DESCRIPTION\u00a0:  Produit id\u00e9al les jeunes chiens de races moyennes et grandes de 4 mois ou plus. Ce produit convient pour les chiots de grandes races en raison d\u2019une teneur en calcium \/ phosphore r\u00e9duite et sans gluten. Les chiens de moyenne et grande race grandissent vite, c\u2019est pourquoi la teneur en calcium est r\u00e9duite, pour une croissance \u00e9quilibr\u00e9e  Ce produit est parfaitement adapt\u00e9 pour les chiens adultes de grandes races qui ont besoin d\u2019une nourriture riche en prot\u00e9ines. Avec sa forte teneur en poisson 19% riche en om\u00e9ga 3 et 6 et poulet 41% ce produit est recommand\u00e9 pour les diff\u00e9rentes races de chiens de travail, chiens actifs, chiens de chasse et chiens de garde.  Ce produit est \u00e9galement recommand\u00e9 pour les chiennes en gestation, pour un apport en \u00e9nergie adapt\u00e9","og_url":"https:\/\/elevage-boisblancval.com\/boutique\/product\/croquette-chiot-greenheart-premiums\/","og_site_name":"Boutique Elevage Bois Blanc Val","article_modified_time":"2025-10-01T09:45:30+00:00","og_image":[{"width":750,"height":1100,"url":"https:\/\/elevage-boisblancval.com\/boutique\/wp-content\/uploads\/2019\/03\/Puppy-Medium-Large-Breeds-Copie.png","type":"image\/png"}],"twitter_card":"summary_large_image","twitter_misc":{"Dur\u00e9e de lecture estim\u00e9e":"1 minute"},"schema":{"@context":"https:\/\/schema.org","@graph":[{"@type":"WebPage","@id":"https:\/\/elevage-boisblancval.com\/boutique\/product\/croquette-chiot-greenheart-premiums\/","url":"https:\/\/elevage-boisblancval.com\/boutique\/product\/croquette-chiot-greenheart-premiums\/","name":"CROQUETTE CHIOT - GREENHEART PREMIUMS - 12kg - Boutique Elevage Bois Blanc Val","isPartOf":{"@id":"https:\/\/elevage-boisblancval.com\/boutique\/#website"},"datePublished":"2019-03-27T15:24:38+00:00","dateModified":"2025-10-01T09:45:30+00:00","breadcrumb":{"@id":"https:\/\/elevage-boisblancval.com\/boutique\/product\/croquette-chiot-greenheart-premiums\/#breadcrumb"},"inLanguage":"fr-FR","potentialAction":[{"@type":"ReadAction","target":["https:\/\/elevage-boisblancval.com\/boutique\/product\/croquette-chiot-greenheart-premiums\/"]}]},{"@type":"BreadcrumbList","@id":"https:\/\/elevage-boisblancval.com\/boutique\/product\/croquette-chiot-greenheart-premiums\/#breadcrumb","itemListElement":[{"@type":"ListItem","position":1,"name":"Accueil","item":"https:\/\/elevage-boisblancval.com\/boutique\/"},{"@type":"ListItem","position":2,"name":"Boutique","item":"https:\/\/elevage-boisblancval.com\/boutique\/shop\/"},{"@type":"ListItem","position":3,"name":"CROQUETTE CHIOT &#8211; GREENHEART PREMIUMS &#8211; 12kg"}]},{"@type":"WebSite","@id":"https:\/\/elevage-boisblancval.com\/boutique\/#website","url":"https:\/\/elevage-boisblancval.com\/boutique\/","name":"Boutique Elevage Bois Blanc Val","description":"","potentialAction":[{"@type":"SearchAction","target":{"@type":"EntryPoint","urlTemplate":"https:\/\/elevage-boisblancval.com\/boutique\/?s={search_term_string}"},"query-input":"required name=search_term_string"}],"inLanguage":"fr-FR"}]}},"_links":{"self":[{"href":"https:\/\/elevage-boisblancval.com\/boutique\/wp-json\/wp\/v2\/product\/1027"}],"collection":[{"href":"https:\/\/elevage-boisblancval.com\/boutique\/wp-json\/wp\/v2\/product"}],"about":[{"href":"https:\/\/elevage-boisblancval.com\/boutique\/wp-json\/wp\/v2\/types\/product"}],"replies":[{"embeddable":true,"href":"https:\/\/elevage-boisblancval.com\/boutique\/wp-json\/wp\/v2\/comments?post=1027"}],"wp:featuredmedia":[{"embeddable":true,"href":"https:\/\/elevage-boisblancval.com\/boutique\/wp-json\/wp\/v2\/media\/1911"}],"wp:attachment":[{"href":"https:\/\/elevage-boisblancval.com\/boutique\/wp-json\/wp\/v2\/media?parent=1027"}],"wp:term":[{"taxonomy":"product_cat","embeddable":true,"href":"https:\/\/elevage-boisblancval.com\/boutique\/wp-json\/wp\/v2\/product_cat?post=1027"},{"taxonomy":"product_tag","embeddable":true,"href":"https:\/\/elevage-boisblancval.com\/boutique\/wp-json\/wp\/v2\/product_tag?post=1027"}],"curies":[{"name":"wp","href":"https:\/\/api.w.org\/{rel}","templated":true}]}}