{"id":1020,"date":"2019-03-27T15:24:37","date_gmt":"2019-03-27T15:24:37","guid":{"rendered":"https:\/\/thibautsilva.com\/test\/product\/import-placeholder-for-31\/"},"modified":"2025-10-01T09:58:49","modified_gmt":"2025-10-01T09:58:49","slug":"friandises-chien-coeur-rouge-greenheart-premiums","status":"publish","type":"product","link":"https:\/\/elevage-boisblancval.com\/boutique\/product\/friandises-chien-coeur-rouge-greenheart-premiums\/","title":{"rendered":"FRIANDISES CHIEN COEUR ROUGE &#8211; GREENHEART PREMIUMS"},"content":{"rendered":"<p>Analyse nutritionnelle :\u00a0\u00a0Glucides 45.27%Prot\u00e9ines<br \/>\n10.00%, mati\u00e8res grasses 8.78%, cendres 1.22%,<br \/>\nfibres,1.75%<br \/>\nValeur nutritionnelle :\u00a0303,18 Kcal \/ 100 gr<\/p>\n","protected":false},"excerpt":{"rendered":"<p>Aliment compl\u00e9mentaire pour chien.<br \/>\nD\u00e9licieuses friandises 100 % v\u00e9g\u00e9tariennes, en forme de c\u0153ur, pour les chiens avec de la betterave, riche en B\u00e9tanine aux propri\u00e9t\u00e9s antioxydantes. Sans additifs chimiques, sans colorants, ar\u00f4mes artificiels, sans antioxydants chimiques.<\/p>\n<p>Les C\u0153urs rouges v\u00e9g\u00e9tariens Greenheart Premiums conviennent aux chiens souffrant de diab\u00e8te, d\u2019allergies et de digestion sensible.<\/p>\n<p>Ingr\u00e9dients : Ma\u00efs, farine de Lupin, betterave rouge 8%, dextrose, pomme de terre, huile de tournesol, l\u00e9cithine de tournesol<\/p>\n<p>1kg.<\/p>\n","protected":false},"featured_media":1036,"comment_status":"closed","ping_status":"closed","template":"","meta":{"_acf_changed":false},"product_cat":[36],"product_tag":[],"acf":[],"yoast_head":"<!-- This site is optimized with the Yoast SEO plugin v21.3 - https:\/\/yoast.com\/wordpress\/plugins\/seo\/ -->\n<title>FRIANDISES CHIEN COEUR ROUGE - GREENHEART PREMIUMS - Boutique Elevage Bois Blanc Val<\/title>\n<meta name=\"robots\" content=\"index, follow, max-snippet:-1, max-image-preview:large, max-video-preview:-1\" \/>\n<link rel=\"canonical\" href=\"https:\/\/elevage-boisblancval.com\/boutique\/product\/friandises-chien-coeur-rouge-greenheart-premiums\/\" \/>\n<meta property=\"og:locale\" content=\"fr_FR\" \/>\n<meta property=\"og:type\" content=\"article\" \/>\n<meta property=\"og:title\" content=\"FRIANDISES CHIEN COEUR ROUGE - GREENHEART PREMIUMS - Boutique Elevage Bois Blanc Val\" \/>\n<meta property=\"og:description\" content=\"Aliment compl\u00e9mentaire pour chien. D\u00e9licieuses friandises 100 % v\u00e9g\u00e9tariennes, en forme de c\u0153ur, pour les chiens avec de la betterave, riche en B\u00e9tanine aux propri\u00e9t\u00e9s antioxydantes. Sans additifs chimiques, sans colorants, ar\u00f4mes artificiels, sans antioxydants chimiques.  Les C\u0153urs rouges v\u00e9g\u00e9tariens Greenheart Premiums conviennent aux chiens souffrant de diab\u00e8te, d\u2019allergies et de digestion sensible.  Ingr\u00e9dients : Ma\u00efs, farine de Lupin, betterave rouge 8%, dextrose, pomme de terre, huile de tournesol, l\u00e9cithine de tournesol  1kg.\" \/>\n<meta property=\"og:url\" content=\"https:\/\/elevage-boisblancval.com\/boutique\/product\/friandises-chien-coeur-rouge-greenheart-premiums\/\" \/>\n<meta property=\"og:site_name\" content=\"Boutique Elevage Bois Blanc Val\" \/>\n<meta property=\"article:modified_time\" content=\"2025-10-01T09:58:49+00:00\" \/>\n<meta property=\"og:image\" content=\"https:\/\/elevage-boisblancval.com\/boutique\/wp-content\/uploads\/2019\/03\/friandises-coeur-rouge-greenheart-premiums-1.jpg\" \/>\n\t<meta property=\"og:image:width\" content=\"750\" \/>\n\t<meta property=\"og:image:height\" content=\"1100\" \/>\n\t<meta property=\"og:image:type\" content=\"image\/jpeg\" \/>\n<meta name=\"twitter:card\" content=\"summary_large_image\" \/>\n<meta name=\"twitter:label1\" content=\"Dur\u00e9e de lecture estim\u00e9e\" \/>\n\t<meta name=\"twitter:data1\" content=\"1 minute\" \/>\n<script type=\"application\/ld+json\" class=\"yoast-schema-graph\">{\"@context\":\"https:\/\/schema.org\",\"@graph\":[{\"@type\":\"WebPage\",\"@id\":\"https:\/\/elevage-boisblancval.com\/boutique\/product\/friandises-chien-coeur-rouge-greenheart-premiums\/\",\"url\":\"https:\/\/elevage-boisblancval.com\/boutique\/product\/friandises-chien-coeur-rouge-greenheart-premiums\/\",\"name\":\"FRIANDISES CHIEN COEUR ROUGE - GREENHEART PREMIUMS - Boutique Elevage Bois Blanc Val\",\"isPartOf\":{\"@id\":\"https:\/\/elevage-boisblancval.com\/boutique\/#website\"},\"datePublished\":\"2019-03-27T15:24:37+00:00\",\"dateModified\":\"2025-10-01T09:58:49+00:00\",\"breadcrumb\":{\"@id\":\"https:\/\/elevage-boisblancval.com\/boutique\/product\/friandises-chien-coeur-rouge-greenheart-premiums\/#breadcrumb\"},\"inLanguage\":\"fr-FR\",\"potentialAction\":[{\"@type\":\"ReadAction\",\"target\":[\"https:\/\/elevage-boisblancval.com\/boutique\/product\/friandises-chien-coeur-rouge-greenheart-premiums\/\"]}]},{\"@type\":\"BreadcrumbList\",\"@id\":\"https:\/\/elevage-boisblancval.com\/boutique\/product\/friandises-chien-coeur-rouge-greenheart-premiums\/#breadcrumb\",\"itemListElement\":[{\"@type\":\"ListItem\",\"position\":1,\"name\":\"Accueil\",\"item\":\"https:\/\/elevage-boisblancval.com\/boutique\/\"},{\"@type\":\"ListItem\",\"position\":2,\"name\":\"Boutique\",\"item\":\"https:\/\/elevage-boisblancval.com\/boutique\/shop\/\"},{\"@type\":\"ListItem\",\"position\":3,\"name\":\"FRIANDISES CHIEN COEUR ROUGE &#8211; GREENHEART PREMIUMS\"}]},{\"@type\":\"WebSite\",\"@id\":\"https:\/\/elevage-boisblancval.com\/boutique\/#website\",\"url\":\"https:\/\/elevage-boisblancval.com\/boutique\/\",\"name\":\"Boutique Elevage Bois Blanc Val\",\"description\":\"\",\"potentialAction\":[{\"@type\":\"SearchAction\",\"target\":{\"@type\":\"EntryPoint\",\"urlTemplate\":\"https:\/\/elevage-boisblancval.com\/boutique\/?s={search_term_string}\"},\"query-input\":\"required name=search_term_string\"}],\"inLanguage\":\"fr-FR\"}]}<\/script>\n<!-- \/ Yoast SEO plugin. -->","yoast_head_json":{"title":"FRIANDISES CHIEN COEUR ROUGE - GREENHEART PREMIUMS - Boutique Elevage Bois Blanc Val","robots":{"index":"index","follow":"follow","max-snippet":"max-snippet:-1","max-image-preview":"max-image-preview:large","max-video-preview":"max-video-preview:-1"},"canonical":"https:\/\/elevage-boisblancval.com\/boutique\/product\/friandises-chien-coeur-rouge-greenheart-premiums\/","og_locale":"fr_FR","og_type":"article","og_title":"FRIANDISES CHIEN COEUR ROUGE - GREENHEART PREMIUMS - Boutique Elevage Bois Blanc Val","og_description":"Aliment compl\u00e9mentaire pour chien. D\u00e9licieuses friandises 100 % v\u00e9g\u00e9tariennes, en forme de c\u0153ur, pour les chiens avec de la betterave, riche en B\u00e9tanine aux propri\u00e9t\u00e9s antioxydantes. Sans additifs chimiques, sans colorants, ar\u00f4mes artificiels, sans antioxydants chimiques.  Les C\u0153urs rouges v\u00e9g\u00e9tariens Greenheart Premiums conviennent aux chiens souffrant de diab\u00e8te, d\u2019allergies et de digestion sensible.  Ingr\u00e9dients : Ma\u00efs, farine de Lupin, betterave rouge 8%, dextrose, pomme de terre, huile de tournesol, l\u00e9cithine de tournesol  1kg.","og_url":"https:\/\/elevage-boisblancval.com\/boutique\/product\/friandises-chien-coeur-rouge-greenheart-premiums\/","og_site_name":"Boutique Elevage Bois Blanc Val","article_modified_time":"2025-10-01T09:58:49+00:00","og_image":[{"width":750,"height":1100,"url":"https:\/\/elevage-boisblancval.com\/boutique\/wp-content\/uploads\/2019\/03\/friandises-coeur-rouge-greenheart-premiums-1.jpg","type":"image\/jpeg"}],"twitter_card":"summary_large_image","twitter_misc":{"Dur\u00e9e de lecture estim\u00e9e":"1 minute"},"schema":{"@context":"https:\/\/schema.org","@graph":[{"@type":"WebPage","@id":"https:\/\/elevage-boisblancval.com\/boutique\/product\/friandises-chien-coeur-rouge-greenheart-premiums\/","url":"https:\/\/elevage-boisblancval.com\/boutique\/product\/friandises-chien-coeur-rouge-greenheart-premiums\/","name":"FRIANDISES CHIEN COEUR ROUGE - GREENHEART PREMIUMS - Boutique Elevage Bois Blanc Val","isPartOf":{"@id":"https:\/\/elevage-boisblancval.com\/boutique\/#website"},"datePublished":"2019-03-27T15:24:37+00:00","dateModified":"2025-10-01T09:58:49+00:00","breadcrumb":{"@id":"https:\/\/elevage-boisblancval.com\/boutique\/product\/friandises-chien-coeur-rouge-greenheart-premiums\/#breadcrumb"},"inLanguage":"fr-FR","potentialAction":[{"@type":"ReadAction","target":["https:\/\/elevage-boisblancval.com\/boutique\/product\/friandises-chien-coeur-rouge-greenheart-premiums\/"]}]},{"@type":"BreadcrumbList","@id":"https:\/\/elevage-boisblancval.com\/boutique\/product\/friandises-chien-coeur-rouge-greenheart-premiums\/#breadcrumb","itemListElement":[{"@type":"ListItem","position":1,"name":"Accueil","item":"https:\/\/elevage-boisblancval.com\/boutique\/"},{"@type":"ListItem","position":2,"name":"Boutique","item":"https:\/\/elevage-boisblancval.com\/boutique\/shop\/"},{"@type":"ListItem","position":3,"name":"FRIANDISES CHIEN COEUR ROUGE &#8211; GREENHEART PREMIUMS"}]},{"@type":"WebSite","@id":"https:\/\/elevage-boisblancval.com\/boutique\/#website","url":"https:\/\/elevage-boisblancval.com\/boutique\/","name":"Boutique Elevage Bois Blanc Val","description":"","potentialAction":[{"@type":"SearchAction","target":{"@type":"EntryPoint","urlTemplate":"https:\/\/elevage-boisblancval.com\/boutique\/?s={search_term_string}"},"query-input":"required name=search_term_string"}],"inLanguage":"fr-FR"}]}},"_links":{"self":[{"href":"https:\/\/elevage-boisblancval.com\/boutique\/wp-json\/wp\/v2\/product\/1020"}],"collection":[{"href":"https:\/\/elevage-boisblancval.com\/boutique\/wp-json\/wp\/v2\/product"}],"about":[{"href":"https:\/\/elevage-boisblancval.com\/boutique\/wp-json\/wp\/v2\/types\/product"}],"replies":[{"embeddable":true,"href":"https:\/\/elevage-boisblancval.com\/boutique\/wp-json\/wp\/v2\/comments?post=1020"}],"wp:featuredmedia":[{"embeddable":true,"href":"https:\/\/elevage-boisblancval.com\/boutique\/wp-json\/wp\/v2\/media\/1036"}],"wp:attachment":[{"href":"https:\/\/elevage-boisblancval.com\/boutique\/wp-json\/wp\/v2\/media?parent=1020"}],"wp:term":[{"taxonomy":"product_cat","embeddable":true,"href":"https:\/\/elevage-boisblancval.com\/boutique\/wp-json\/wp\/v2\/product_cat?post=1020"},{"taxonomy":"product_tag","embeddable":true,"href":"https:\/\/elevage-boisblancval.com\/boutique\/wp-json\/wp\/v2\/product_tag?post=1020"}],"curies":[{"name":"wp","href":"https:\/\/api.w.org\/{rel}","templated":true}]}}