{"id":1018,"date":"2019-03-27T15:24:37","date_gmt":"2019-03-27T15:24:37","guid":{"rendered":"https:\/\/thibautsilva.com\/test\/product\/import-placeholder-for-29\/"},"modified":"2025-10-01T09:46:09","modified_gmt":"2025-10-01T09:46:09","slug":"friandises-chien-melange-etoiles-greenheart-premiums","status":"publish","type":"product","link":"https:\/\/elevage-boisblancval.com\/boutique\/product\/friandises-chien-melange-etoiles-greenheart-premiums\/","title":{"rendered":"FRIANDISES CHIEN M\u00c9LANGE ETOILES &#8211; GREENHEART PREMIUMS"},"content":{"rendered":"<p>Analyse nutritionnelle :\u00a0glucides 47,33 %, prot\u00e9ines 10,75 %, graisses 8,68<br \/>\n%, fibres 1,59 %, cendres 1,31 %.<br \/>\nValeur nutritionnelle :\u00a0313,51 Kcal \/ 100 gr<\/p>\n","protected":false},"excerpt":{"rendered":"<p>Aliment compl\u00e9mentaire\u00a0pour chien.<br \/>\nLes friandises 100% v\u00e9g\u00e9tariennes \u201cStarmix\u201d , en forme d&#8217;\u00e9toiles, sont de d\u00e9licieuses friandises naturelles contenant de la betterave rouge, des algues (Spiruline, Chlorella)\u00a0et de la lut\u00e9ine.<br \/>\nRiches en vitamines naturelles et min\u00e9raux, hypoallerg\u00e9niques, elles sont une excellente source de fibres et contribuent \u00e0 l\u2019hygi\u00e8ne dentaire de votre chien.<\/p>\n<p>La marque Greenheart Premiums utilise uniquement des colorants et des ar\u00f4mes naturels :<br \/>\n&#8211; La couleur rouge vient de la b\u00e9tanine aux propri\u00e9t\u00e9s anti-oxydantes (farine de betterave rouge \u00e0 8%)<br \/>\n&#8211; Les friandises jaunes sont color\u00e9es avec de la lut\u00e9ine (souci ou \u0153illet d\u2019Inde)<br \/>\n&#8211; La couleur verte provient des algues, riches en vitamines A et B6.<\/p>\n<p>Ingr\u00e9dients : C\u00e9r\u00e9ales, ma\u00efs, lupin, amidon de pomme de terre, farine de betterave rouge (8 %), dextrose, huile de tournesol, l\u00e9cithine de tournesol, romarin, lut\u00e9ine (1 %),\u00a0algues\u00a0(1 %) et\u00a0vitamine E\u00a0(tocoph\u00e9rol).<\/p>\n<p>1kg.<\/p>\n","protected":false},"featured_media":1034,"comment_status":"closed","ping_status":"closed","template":"","meta":{"_acf_changed":false},"product_cat":[36],"product_tag":[],"acf":[],"yoast_head":"<!-- This site is optimized with the Yoast SEO plugin v21.3 - https:\/\/yoast.com\/wordpress\/plugins\/seo\/ -->\n<title>FRIANDISES CHIEN M\u00c9LANGE ETOILES - GREENHEART PREMIUMS - Boutique Elevage Bois Blanc Val<\/title>\n<meta name=\"robots\" content=\"index, follow, max-snippet:-1, max-image-preview:large, max-video-preview:-1\" \/>\n<link rel=\"canonical\" href=\"https:\/\/elevage-boisblancval.com\/boutique\/product\/friandises-chien-melange-etoiles-greenheart-premiums\/\" \/>\n<meta property=\"og:locale\" content=\"fr_FR\" \/>\n<meta property=\"og:type\" content=\"article\" \/>\n<meta property=\"og:title\" content=\"FRIANDISES CHIEN M\u00c9LANGE ETOILES - GREENHEART PREMIUMS - Boutique Elevage Bois Blanc Val\" \/>\n<meta property=\"og:description\" content=\"Aliment compl\u00e9mentaire\u00a0pour chien. Les friandises 100% v\u00e9g\u00e9tariennes \u201cStarmix\u201d , en forme d&#039;\u00e9toiles, sont de d\u00e9licieuses friandises naturelles contenant de la betterave rouge, des algues (Spiruline, Chlorella)\u00a0et de la lut\u00e9ine. Riches en vitamines naturelles et min\u00e9raux, hypoallerg\u00e9niques, elles sont une excellente source de fibres et contribuent \u00e0 l\u2019hygi\u00e8ne dentaire de votre chien.  La marque Greenheart Premiums utilise uniquement des colorants et des ar\u00f4mes naturels : - La couleur rouge vient de la b\u00e9tanine aux propri\u00e9t\u00e9s anti-oxydantes (farine de betterave rouge \u00e0 8%) - Les friandises jaunes sont color\u00e9es avec de la lut\u00e9ine (souci ou \u0153illet d\u2019Inde) - La couleur verte provient des algues, riches en vitamines A et B6.  Ingr\u00e9dients : C\u00e9r\u00e9ales, ma\u00efs, lupin, amidon de pomme de terre, farine de betterave rouge (8 %), dextrose, huile de tournesol, l\u00e9cithine de tournesol, romarin, lut\u00e9ine (1 %),\u00a0algues\u00a0(1 %) et\u00a0vitamine E\u00a0(tocoph\u00e9rol).  1kg.\" \/>\n<meta property=\"og:url\" content=\"https:\/\/elevage-boisblancval.com\/boutique\/product\/friandises-chien-melange-etoiles-greenheart-premiums\/\" \/>\n<meta property=\"og:site_name\" content=\"Boutique Elevage Bois Blanc Val\" \/>\n<meta property=\"article:modified_time\" content=\"2025-10-01T09:46:09+00:00\" \/>\n<meta property=\"og:image\" content=\"https:\/\/elevage-boisblancval.com\/boutique\/wp-content\/uploads\/2019\/03\/friandises-m\u00e9lange-etoiles-greenheart-premiums-1.jpg\" \/>\n\t<meta property=\"og:image:width\" content=\"750\" \/>\n\t<meta property=\"og:image:height\" content=\"1100\" \/>\n\t<meta property=\"og:image:type\" content=\"image\/jpeg\" \/>\n<meta name=\"twitter:card\" content=\"summary_large_image\" \/>\n<meta name=\"twitter:label1\" content=\"Dur\u00e9e de lecture estim\u00e9e\" \/>\n\t<meta name=\"twitter:data1\" content=\"1 minute\" \/>\n<script type=\"application\/ld+json\" class=\"yoast-schema-graph\">{\"@context\":\"https:\/\/schema.org\",\"@graph\":[{\"@type\":\"WebPage\",\"@id\":\"https:\/\/elevage-boisblancval.com\/boutique\/product\/friandises-chien-melange-etoiles-greenheart-premiums\/\",\"url\":\"https:\/\/elevage-boisblancval.com\/boutique\/product\/friandises-chien-melange-etoiles-greenheart-premiums\/\",\"name\":\"FRIANDISES CHIEN M\u00c9LANGE ETOILES - GREENHEART PREMIUMS - Boutique Elevage Bois Blanc Val\",\"isPartOf\":{\"@id\":\"https:\/\/elevage-boisblancval.com\/boutique\/#website\"},\"datePublished\":\"2019-03-27T15:24:37+00:00\",\"dateModified\":\"2025-10-01T09:46:09+00:00\",\"breadcrumb\":{\"@id\":\"https:\/\/elevage-boisblancval.com\/boutique\/product\/friandises-chien-melange-etoiles-greenheart-premiums\/#breadcrumb\"},\"inLanguage\":\"fr-FR\",\"potentialAction\":[{\"@type\":\"ReadAction\",\"target\":[\"https:\/\/elevage-boisblancval.com\/boutique\/product\/friandises-chien-melange-etoiles-greenheart-premiums\/\"]}]},{\"@type\":\"BreadcrumbList\",\"@id\":\"https:\/\/elevage-boisblancval.com\/boutique\/product\/friandises-chien-melange-etoiles-greenheart-premiums\/#breadcrumb\",\"itemListElement\":[{\"@type\":\"ListItem\",\"position\":1,\"name\":\"Accueil\",\"item\":\"https:\/\/elevage-boisblancval.com\/boutique\/\"},{\"@type\":\"ListItem\",\"position\":2,\"name\":\"Boutique\",\"item\":\"https:\/\/elevage-boisblancval.com\/boutique\/shop\/\"},{\"@type\":\"ListItem\",\"position\":3,\"name\":\"FRIANDISES CHIEN M\u00c9LANGE ETOILES &#8211; GREENHEART PREMIUMS\"}]},{\"@type\":\"WebSite\",\"@id\":\"https:\/\/elevage-boisblancval.com\/boutique\/#website\",\"url\":\"https:\/\/elevage-boisblancval.com\/boutique\/\",\"name\":\"Boutique Elevage Bois Blanc Val\",\"description\":\"\",\"potentialAction\":[{\"@type\":\"SearchAction\",\"target\":{\"@type\":\"EntryPoint\",\"urlTemplate\":\"https:\/\/elevage-boisblancval.com\/boutique\/?s={search_term_string}\"},\"query-input\":\"required name=search_term_string\"}],\"inLanguage\":\"fr-FR\"}]}<\/script>\n<!-- \/ Yoast SEO plugin. -->","yoast_head_json":{"title":"FRIANDISES CHIEN M\u00c9LANGE ETOILES - GREENHEART PREMIUMS - Boutique Elevage Bois Blanc Val","robots":{"index":"index","follow":"follow","max-snippet":"max-snippet:-1","max-image-preview":"max-image-preview:large","max-video-preview":"max-video-preview:-1"},"canonical":"https:\/\/elevage-boisblancval.com\/boutique\/product\/friandises-chien-melange-etoiles-greenheart-premiums\/","og_locale":"fr_FR","og_type":"article","og_title":"FRIANDISES CHIEN M\u00c9LANGE ETOILES - GREENHEART PREMIUMS - Boutique Elevage Bois Blanc Val","og_description":"Aliment compl\u00e9mentaire\u00a0pour chien. Les friandises 100% v\u00e9g\u00e9tariennes \u201cStarmix\u201d , en forme d'\u00e9toiles, sont de d\u00e9licieuses friandises naturelles contenant de la betterave rouge, des algues (Spiruline, Chlorella)\u00a0et de la lut\u00e9ine. Riches en vitamines naturelles et min\u00e9raux, hypoallerg\u00e9niques, elles sont une excellente source de fibres et contribuent \u00e0 l\u2019hygi\u00e8ne dentaire de votre chien.  La marque Greenheart Premiums utilise uniquement des colorants et des ar\u00f4mes naturels : - La couleur rouge vient de la b\u00e9tanine aux propri\u00e9t\u00e9s anti-oxydantes (farine de betterave rouge \u00e0 8%) - Les friandises jaunes sont color\u00e9es avec de la lut\u00e9ine (souci ou \u0153illet d\u2019Inde) - La couleur verte provient des algues, riches en vitamines A et B6.  Ingr\u00e9dients : C\u00e9r\u00e9ales, ma\u00efs, lupin, amidon de pomme de terre, farine de betterave rouge (8 %), dextrose, huile de tournesol, l\u00e9cithine de tournesol, romarin, lut\u00e9ine (1 %),\u00a0algues\u00a0(1 %) et\u00a0vitamine E\u00a0(tocoph\u00e9rol).  1kg.","og_url":"https:\/\/elevage-boisblancval.com\/boutique\/product\/friandises-chien-melange-etoiles-greenheart-premiums\/","og_site_name":"Boutique Elevage Bois Blanc Val","article_modified_time":"2025-10-01T09:46:09+00:00","og_image":[{"width":750,"height":1100,"url":"https:\/\/elevage-boisblancval.com\/boutique\/wp-content\/uploads\/2019\/03\/friandises-m\u00e9lange-etoiles-greenheart-premiums-1.jpg","type":"image\/jpeg"}],"twitter_card":"summary_large_image","twitter_misc":{"Dur\u00e9e de lecture estim\u00e9e":"1 minute"},"schema":{"@context":"https:\/\/schema.org","@graph":[{"@type":"WebPage","@id":"https:\/\/elevage-boisblancval.com\/boutique\/product\/friandises-chien-melange-etoiles-greenheart-premiums\/","url":"https:\/\/elevage-boisblancval.com\/boutique\/product\/friandises-chien-melange-etoiles-greenheart-premiums\/","name":"FRIANDISES CHIEN M\u00c9LANGE ETOILES - GREENHEART PREMIUMS - Boutique Elevage Bois Blanc Val","isPartOf":{"@id":"https:\/\/elevage-boisblancval.com\/boutique\/#website"},"datePublished":"2019-03-27T15:24:37+00:00","dateModified":"2025-10-01T09:46:09+00:00","breadcrumb":{"@id":"https:\/\/elevage-boisblancval.com\/boutique\/product\/friandises-chien-melange-etoiles-greenheart-premiums\/#breadcrumb"},"inLanguage":"fr-FR","potentialAction":[{"@type":"ReadAction","target":["https:\/\/elevage-boisblancval.com\/boutique\/product\/friandises-chien-melange-etoiles-greenheart-premiums\/"]}]},{"@type":"BreadcrumbList","@id":"https:\/\/elevage-boisblancval.com\/boutique\/product\/friandises-chien-melange-etoiles-greenheart-premiums\/#breadcrumb","itemListElement":[{"@type":"ListItem","position":1,"name":"Accueil","item":"https:\/\/elevage-boisblancval.com\/boutique\/"},{"@type":"ListItem","position":2,"name":"Boutique","item":"https:\/\/elevage-boisblancval.com\/boutique\/shop\/"},{"@type":"ListItem","position":3,"name":"FRIANDISES CHIEN M\u00c9LANGE ETOILES &#8211; GREENHEART PREMIUMS"}]},{"@type":"WebSite","@id":"https:\/\/elevage-boisblancval.com\/boutique\/#website","url":"https:\/\/elevage-boisblancval.com\/boutique\/","name":"Boutique Elevage Bois Blanc Val","description":"","potentialAction":[{"@type":"SearchAction","target":{"@type":"EntryPoint","urlTemplate":"https:\/\/elevage-boisblancval.com\/boutique\/?s={search_term_string}"},"query-input":"required name=search_term_string"}],"inLanguage":"fr-FR"}]}},"_links":{"self":[{"href":"https:\/\/elevage-boisblancval.com\/boutique\/wp-json\/wp\/v2\/product\/1018"}],"collection":[{"href":"https:\/\/elevage-boisblancval.com\/boutique\/wp-json\/wp\/v2\/product"}],"about":[{"href":"https:\/\/elevage-boisblancval.com\/boutique\/wp-json\/wp\/v2\/types\/product"}],"replies":[{"embeddable":true,"href":"https:\/\/elevage-boisblancval.com\/boutique\/wp-json\/wp\/v2\/comments?post=1018"}],"wp:featuredmedia":[{"embeddable":true,"href":"https:\/\/elevage-boisblancval.com\/boutique\/wp-json\/wp\/v2\/media\/1034"}],"wp:attachment":[{"href":"https:\/\/elevage-boisblancval.com\/boutique\/wp-json\/wp\/v2\/media?parent=1018"}],"wp:term":[{"taxonomy":"product_cat","embeddable":true,"href":"https:\/\/elevage-boisblancval.com\/boutique\/wp-json\/wp\/v2\/product_cat?post=1018"},{"taxonomy":"product_tag","embeddable":true,"href":"https:\/\/elevage-boisblancval.com\/boutique\/wp-json\/wp\/v2\/product_tag?post=1018"}],"curies":[{"name":"wp","href":"https:\/\/api.w.org\/{rel}","templated":true}]}}